{"id":686,"date":"2022-10-20T22:25:37","date_gmt":"2022-10-20T22:25:37","guid":{"rendered":"https:\/\/www.aidalabips.com\/?page_id=686"},"modified":"2022-12-15T20:29:52","modified_gmt":"2022-12-15T20:29:52","slug":"perfil-preventivo","status":"publish","type":"page","link":"https:\/\/www.aidalabips.com\/index.php\/perfil-preventivo\/","title":{"rendered":"Perfil Preventivo"},"content":{"rendered":"<p><div class=\"fusion-fullwidth fullwidth-box fusion-builder-row-1 fusion-flex-container has-pattern-background has-mask-background fusion-parallax-none nonhundred-percent-fullwidth non-hundred-percent-height-scrolling\" style=\"background-color: rgba(255,255,255,0);background-image: url(&quot;https:\/\/www.aidalabips.com\/wp-content\/uploads\/2022\/12\/prevencion-scaled.jpg&quot;);background-position: center center;background-repeat: no-repeat;border-width: 0px 0px 0px 0px;border-color:var(--awb-color3);border-style:solid;-webkit-background-size:cover;-moz-background-size:cover;-o-background-size:cover;background-size:cover;\" ><div class=\"fusion-builder-row fusion-row fusion-flex-align-items-flex-start\" style=\"max-width:1248px;margin-left: calc(-4% \/ 2 );margin-right: calc(-4% \/ 2 );\"><div class=\"fusion-layout-column fusion_builder_column fusion-builder-column-0 fusion_builder_column_1_1 1_1 fusion-flex-column\"><div class=\"fusion-column-wrapper fusion-flex-justify-content-flex-start fusion-content-layout-column\" style=\"background-position:left top;background-repeat:no-repeat;-webkit-background-size:cover;-moz-background-size:cover;-o-background-size:cover;background-size:cover;padding: 0px 0px 0px 0px;\"><style type=\"text\/css\">@media only screen and (max-width:1024px) {.fusion-title.fusion-title-1{margin-top:10px!important; margin-right:0px!important;margin-bottom:15px!important;margin-left:0px!important;}}@media only screen and (max-width:640px) {.fusion-title.fusion-title-1{margin-top:10px!important; margin-right:0px!important;margin-bottom:10px!important; margin-left:0px!important;}}<\/style><div class=\"fusion-title title fusion-title-1 fusion-sep-none fusion-title-text fusion-title-size-one\" style=\"margin-top:10px;margin-right:0px;margin-bottom:15px;margin-left:0px;\"><h1 class=\"title-heading-left\" style=\"margin:0;text-shadow:5px 5px 5px;\"><h1><strong><span style=\"color: #ffffff;\">Perfil Preventivo<\/span><\/strong><\/h1><\/h1><\/div><\/div><style type=\"text\/css\">.fusion-body .fusion-builder-column-0{width:100% !important;margin-top : 0px;margin-bottom : 20px;}.fusion-builder-column-0 > .fusion-column-wrapper {padding-top : 0px !important;padding-right : 0px !important;margin-right : 1.92%;padding-bottom : 0px !important;padding-left : 0px !important;margin-left : 1.92%;}@media only screen and (max-width:1024px) {.fusion-body .fusion-builder-column-0{width:100% !important;order : 0;}.fusion-builder-column-0 > .fusion-column-wrapper {margin-right : 1.92%;margin-left : 1.92%;}}@media only screen and (max-width:640px) {.fusion-body .fusion-builder-column-0{width:100% !important;order : 0;}.fusion-builder-column-0 > .fusion-column-wrapper {margin-right : 1.92%;margin-left : 1.92%;}}<\/style><\/div><\/div><style type=\"text\/css\">.fusion-body .fusion-flex-container.fusion-builder-row-1{ padding-top : 0px;margin-top : 0px;padding-right : 0px;padding-bottom : 0px;margin-bottom : 0px;padding-left : 0px;}<\/style><\/div><div class=\"fusion-fullwidth fullwidth-box fusion-builder-row-2 fusion-flex-container has-pattern-background has-mask-background fusion-parallax-none nonhundred-percent-fullwidth non-hundred-percent-height-scrolling\" style=\"background-color: rgba(255,255,255,0);background-image: url(&quot;https:\/\/www.aidalabips.com\/wp-content\/uploads\/2022\/12\/preventivo-scaled.jpg&quot;);background-position: center center;background-repeat: no-repeat;border-width: 0px 0px 0px 0px;border-color:var(--awb-color3);border-style:solid;-webkit-background-size:cover;-moz-background-size:cover;-o-background-size:cover;background-size:cover;\" ><div class=\"fusion-builder-row fusion-row fusion-flex-align-items-center\" style=\"max-width:1248px;margin-left: calc(-4% \/ 2 );margin-right: calc(-4% \/ 2 );\"><div class=\"fusion-layout-column fusion_builder_column fusion-builder-column-1 fusion_builder_column_1_1 1_1 fusion-flex-column\"><div class=\"fusion-column-wrapper fusion-flex-justify-content-flex-start fusion-content-layout-column\" style=\"background-position:left top;background-repeat:no-repeat;-webkit-background-size:cover;-moz-background-size:cover;-o-background-size:cover;background-size:cover;padding: 0px 0px 0px 0px;\"><style type=\"text\/css\">.fusion-gallery-1 .fusion-gallery-image {border:5px solid #ff7b00;-webkit-border-radius:50%;-moz-border-radius:50%;border-radius:50%;-webkit-mask-image: -webkit-radial-gradient(circle, white, black);}.awb-imageframe-style.awb-imageframe-style-1 .awb-imageframe-caption-container .awb-imageframe-caption-title{color:var(--awb-color8) !important;}.awb-imageframe-style.awb-imageframe-style-1 .awb-imageframe-caption-container{margin-top:20px;}<\/style><div class=\"awb-gallery-wrapper awb-gallery-wrapper-1 fusion-no-small-visibility button-span-yes\" style=\"--more-btn-alignment:center;--more-btn-color:#eb008b;margin-top:30px;\" data-limit=\"8\" data-page=\"1\"><div class=\"fusion-gallery fusion-gallery-container fusion-grid-5 fusion-columns-total-5 fusion-gallery-layout-grid fusion-gallery-1\" style=\"margin:-5px;\"><div style=\"padding:5px;\" class=\"fusion-grid-column fusion-gallery-column fusion-gallery-column-5 awb-imageframe-style awb-imageframe-style-below awb-imageframe-style-1\"><div class=\"fusion-gallery-image fusion-gallery-image-liftup\"><a href=\"https:\/\/www.aidalabips.com\/index.php\/jovenes\/\" target=\"_self\"><img decoding=\"async\" src=\"https:\/\/www.aidalabips.com\/wp-content\/uploads\/2022\/12\/foto-jovenes-scaled.jpg\" width=\"2560\" height=\"2560\" alt=\"\" title=\"\" aria-label=\"\" class=\"img-responsive wp-image-1287\" srcset=\"https:\/\/www.aidalabips.com\/wp-content\/uploads\/2022\/12\/foto-jovenes-200x200.jpg 200w, https:\/\/www.aidalabips.com\/wp-content\/uploads\/2022\/12\/foto-jovenes-400x400.jpg 400w, https:\/\/www.aidalabips.com\/wp-content\/uploads\/2022\/12\/foto-jovenes-600x600.jpg 600w, https:\/\/www.aidalabips.com\/wp-content\/uploads\/2022\/12\/foto-jovenes-800x800.jpg 800w, https:\/\/www.aidalabips.com\/wp-content\/uploads\/2022\/12\/foto-jovenes-1200x1200.jpg 1200w, https:\/\/www.aidalabips.com\/wp-content\/uploads\/2022\/12\/foto-jovenes-scaled.jpg 2560w\" sizes=\"(min-width: 2200px) 100vw, (min-width: 928px) 236px, (min-width: 856px) 295px, (min-width: 784px) 393px, (min-width: 712px) 590px, (min-width: 640px) 712px, \" \/><\/a><\/div><div class=\"awb-imageframe-caption-container\" style=\"text-align:center;\"><div class=\"awb-imageframe-caption\"><h6 class=\"awb-imageframe-caption-title\">J\u00f3venes <\/h6><\/div><\/div><\/div><div style=\"padding:5px;\" class=\"fusion-grid-column fusion-gallery-column fusion-gallery-column-5 awb-imageframe-style awb-imageframe-style-below awb-imageframe-style-1\"><div class=\"fusion-gallery-image fusion-gallery-image-liftup\"><a href=\"https:\/\/www.aidalabips.com\/index.php\/mujer-menor-de-40-anos\/\" target=\"_self\"><img decoding=\"async\" src=\"https:\/\/www.aidalabips.com\/wp-content\/uploads\/2022\/10\/Mujer-menor-de-40-anos-scaled.jpg\" width=\"2560\" height=\"2560\" alt=\"\" title=\"Mujer Menor de 40 A\u00f1os\" aria-label=\"Mujer Menor de 40 A\u00f1os\" class=\"img-responsive wp-image-689\" srcset=\"https:\/\/www.aidalabips.com\/wp-content\/uploads\/2022\/10\/Mujer-menor-de-40-anos-200x200.jpg 200w, https:\/\/www.aidalabips.com\/wp-content\/uploads\/2022\/10\/Mujer-menor-de-40-anos-400x400.jpg 400w, https:\/\/www.aidalabips.com\/wp-content\/uploads\/2022\/10\/Mujer-menor-de-40-anos-600x600.jpg 600w, https:\/\/www.aidalabips.com\/wp-content\/uploads\/2022\/10\/Mujer-menor-de-40-anos-800x800.jpg 800w, https:\/\/www.aidalabips.com\/wp-content\/uploads\/2022\/10\/Mujer-menor-de-40-anos-1200x1200.jpg 1200w, https:\/\/www.aidalabips.com\/wp-content\/uploads\/2022\/10\/Mujer-menor-de-40-anos-scaled.jpg 2560w\" sizes=\"(min-width: 2200px) 100vw, (min-width: 928px) 236px, (min-width: 856px) 295px, (min-width: 784px) 393px, (min-width: 712px) 590px, (min-width: 640px) 712px, \" \/><\/a><\/div><div class=\"awb-imageframe-caption-container\" style=\"text-align:center;\"><div class=\"awb-imageframe-caption\"><h6 class=\"awb-imageframe-caption-title\">Mujer Menor de 40 A\u00f1os<\/h6><\/div><\/div><\/div><div style=\"padding:5px;\" class=\"fusion-grid-column fusion-gallery-column fusion-gallery-column-5 awb-imageframe-style awb-imageframe-style-below awb-imageframe-style-1\"><div class=\"fusion-gallery-image fusion-gallery-image-liftup\"><a href=\"https:\/\/www.aidalabips.com\/index.php\/mujer-mayor-de-40-anos\/\" target=\"_self\"><img decoding=\"async\" src=\"https:\/\/www.aidalabips.com\/wp-content\/uploads\/2022\/10\/Mujer-mayor-de-40-anos-scaled.jpg\" width=\"2560\" height=\"2560\" alt=\"\" title=\"Mujer Mayor de 40 A\u00f1os\" aria-label=\"Mujer Mayor de 40 A\u00f1os\" class=\"img-responsive wp-image-690\" srcset=\"https:\/\/www.aidalabips.com\/wp-content\/uploads\/2022\/10\/Mujer-mayor-de-40-anos-200x200.jpg 200w, https:\/\/www.aidalabips.com\/wp-content\/uploads\/2022\/10\/Mujer-mayor-de-40-anos-400x400.jpg 400w, https:\/\/www.aidalabips.com\/wp-content\/uploads\/2022\/10\/Mujer-mayor-de-40-anos-600x600.jpg 600w, https:\/\/www.aidalabips.com\/wp-content\/uploads\/2022\/10\/Mujer-mayor-de-40-anos-800x800.jpg 800w, https:\/\/www.aidalabips.com\/wp-content\/uploads\/2022\/10\/Mujer-mayor-de-40-anos-1200x1200.jpg 1200w, https:\/\/www.aidalabips.com\/wp-content\/uploads\/2022\/10\/Mujer-mayor-de-40-anos-scaled.jpg 2560w\" sizes=\"(min-width: 2200px) 100vw, (min-width: 928px) 236px, (min-width: 856px) 295px, (min-width: 784px) 393px, (min-width: 712px) 590px, (min-width: 640px) 712px, \" \/><\/a><\/div><div class=\"awb-imageframe-caption-container\" style=\"text-align:center;\"><div class=\"awb-imageframe-caption\"><h6 class=\"awb-imageframe-caption-title\">Mujer Mayor de 40 A\u00f1os<\/h6><\/div><\/div><\/div><div style=\"padding:5px;\" class=\"fusion-grid-column fusion-gallery-column fusion-gallery-column-5 awb-imageframe-style awb-imageframe-style-below awb-imageframe-style-1\"><div class=\"fusion-gallery-image fusion-gallery-image-liftup\"><a href=\"https:\/\/www.aidalabips.com\/index.php\/hombre-menor-de-40-anos\/\" target=\"_self\"><img decoding=\"async\" src=\"https:\/\/www.aidalabips.com\/wp-content\/uploads\/2022\/10\/Hombre-Menor-de-40-Anos-scaled.jpg\" width=\"2560\" height=\"2560\" alt=\"\" title=\"Hombre Menor de 40 A\u00f1os\" aria-label=\"Hombre Menor de 40 A\u00f1os\" class=\"img-responsive wp-image-691\" srcset=\"https:\/\/www.aidalabips.com\/wp-content\/uploads\/2022\/10\/Hombre-Menor-de-40-Anos-200x200.jpg 200w, https:\/\/www.aidalabips.com\/wp-content\/uploads\/2022\/10\/Hombre-Menor-de-40-Anos-400x400.jpg 400w, https:\/\/www.aidalabips.com\/wp-content\/uploads\/2022\/10\/Hombre-Menor-de-40-Anos-600x600.jpg 600w, https:\/\/www.aidalabips.com\/wp-content\/uploads\/2022\/10\/Hombre-Menor-de-40-Anos-800x800.jpg 800w, https:\/\/www.aidalabips.com\/wp-content\/uploads\/2022\/10\/Hombre-Menor-de-40-Anos-1200x1200.jpg 1200w, https:\/\/www.aidalabips.com\/wp-content\/uploads\/2022\/10\/Hombre-Menor-de-40-Anos-scaled.jpg 2560w\" sizes=\"(min-width: 2200px) 100vw, (min-width: 928px) 236px, (min-width: 856px) 295px, (min-width: 784px) 393px, (min-width: 712px) 590px, (min-width: 640px) 712px, \" \/><\/a><\/div><div class=\"awb-imageframe-caption-container\" style=\"text-align:center;\"><div class=\"awb-imageframe-caption\"><h6 class=\"awb-imageframe-caption-title\">Hombre Menor de 40 A\u00f1os<\/h6><\/div><\/div><\/div><div style=\"padding:5px;\" class=\"fusion-grid-column fusion-gallery-column fusion-gallery-column-5 awb-imageframe-style awb-imageframe-style-below awb-imageframe-style-1\"><div class=\"fusion-gallery-image fusion-gallery-image-liftup\"><a href=\"https:\/\/www.aidalabips.com\/index.php\/hombre-mayor-de-40-anos\/\" target=\"_self\"><img decoding=\"async\" src=\"https:\/\/www.aidalabips.com\/wp-content\/uploads\/2022\/12\/imagen-hombre-scaled.jpg\" width=\"2560\" height=\"2560\" alt=\"\" title=\"\" aria-label=\"\" class=\"img-responsive wp-image-1327\" srcset=\"https:\/\/www.aidalabips.com\/wp-content\/uploads\/2022\/12\/imagen-hombre-200x200.jpg 200w, https:\/\/www.aidalabips.com\/wp-content\/uploads\/2022\/12\/imagen-hombre-400x400.jpg 400w, https:\/\/www.aidalabips.com\/wp-content\/uploads\/2022\/12\/imagen-hombre-600x600.jpg 600w, https:\/\/www.aidalabips.com\/wp-content\/uploads\/2022\/12\/imagen-hombre-800x800.jpg 800w, https:\/\/www.aidalabips.com\/wp-content\/uploads\/2022\/12\/imagen-hombre-1200x1200.jpg 1200w, https:\/\/www.aidalabips.com\/wp-content\/uploads\/2022\/12\/imagen-hombre-scaled.jpg 2560w\" sizes=\"(min-width: 2200px) 100vw, (min-width: 928px) 236px, (min-width: 856px) 295px, (min-width: 784px) 393px, (min-width: 712px) 590px, (min-width: 640px) 712px, \" \/><\/a><\/div><div class=\"awb-imageframe-caption-container\" style=\"text-align:center;\"><div class=\"awb-imageframe-caption\"><h6 class=\"awb-imageframe-caption-title\"> Hombre Mayor de 40 A\u00f1os<\/h6><\/div><\/div><\/div><div class=\"clearfix\"><\/div><\/div><\/div><\/div><style type=\"text\/css\">.fusion-body .fusion-builder-column-1{width:100% !important;margin-top : 0px;margin-bottom : 20px;}.fusion-builder-column-1 > .fusion-column-wrapper {padding-top : 0px !important;padding-right : 0px !important;margin-right : 0%;padding-bottom : 0px !important;padding-left : 0px !important;margin-left : 1.92%;}@media only screen and (max-width:1024px) {.fusion-body .fusion-builder-column-1{width:100% !important;order : 0;}.fusion-builder-column-1 > .fusion-column-wrapper {margin-right : 0%;margin-left : 1.92%;}}@media only screen and (max-width:640px) {.fusion-body .fusion-builder-column-1{width:100% !important;order : 0;}.fusion-builder-column-1 > .fusion-column-wrapper {margin-right : 1.92%;margin-left : 1.92%;}}<\/style><\/div><div class=\"fusion-layout-column fusion_builder_column fusion-builder-column-2 fusion_builder_column_1_2 1_2 fusion-flex-column\"><div class=\"fusion-column-wrapper fusion-flex-justify-content-flex-start fusion-content-layout-column\" style=\"background-position:left top;background-repeat:no-repeat;-webkit-background-size:cover;-moz-background-size:cover;-o-background-size:cover;background-size:cover;padding: 0px 0px 0px 0px;\"><div class=\"fusion-text fusion-text-1\"><h2><b>Chequeo Preventivo<\/b><\/h2>\n<p>Para tener una vida sana, feliz, placentera y productiva ,es importante tomar el control de su salud y la de su familia. La falta de tiempo, el estr\u00e9s de la vida cotidiana, la mora en la atenci\u00f3n por parte de las EPS, entre otros,\u00a0 son factores que a menudo nos\u00a0 lo impide.<\/p>\n<p>Aunque se sienta sano, parte de la actitud preventiva es aprender que hay algunas enfermedades y afecciones de salud que no tienen s\u00edntomas al comienzo, por lo tanto es importante desarrollar y mantener el autocuidado como principal actividad preventiva,\u00a0 realizando chequeos de ex\u00e1menes de forma peri\u00f3dica de acuerdo a tu edad, sexo y antecedentes m\u00e9dicos.<\/p>\n<\/div><div ><style>.fusion-body .fusion-button.button-1.button-3d,.fusion-body .fusion-button.button-1.button-3d:hover{box-shadow:inset 0 1px 0 #fff, 0 0.15em 0 hsla(var(--awb-color5-h),calc(var(--awb-color5-s) - 5%),calc(var(--awb-color5-l) - 10%),var(--awb-color5-a)), 0.1em 0.2em 0.2em 0.15em rgba(0, 0, 0, 0.3);}.fusion-body .fusion-button.button-1.button-3d:active,.fusion-body .fusion-button.button-1.button-3d:hover:active{box-shadow:inset 0 1px 0 #fff, 0 1px 0 hsla(var(--awb-color5-h),calc(var(--awb-color5-s) - 5%),calc(var(--awb-color5-l) - 10%),var(--awb-color5-a)), 0.05em 0.1em 0.1em 0.07em rgba(0, 0, 0, 0.3);}.fusion-body .fusion-button.button-1{border-color:var(--awb-color1);border-radius:4px 4px 4px 4px;background:#8e45b0;}.fusion-body .fusion-button.button-1 .fusion-button-text,.fusion-body .fusion-button.button-1 i,.fusion-body .fusion-button.button-1:hover .fusion-button-text,.fusion-body .fusion-button.button-1:hover i,.fusion-body .fusion-button.button-1:focus .fusion-button-text,.fusion-body .fusion-button.button-1:focus i,.fusion-body .fusion-button.button-1:active .fusion-button-text,.fusion-body .fusion-button.button-1:active i{color:var(--awb-color1);}.fusion-body .fusion-button.button-1:hover,.fusion-body .fusion-button.button-1:active,.fusion-body .fusion-button.button-1:focus{border-color:var(--awb-color1);background:#ee008a;}<\/style><a class=\"fusion-button button-3d fusion-button-default-size button-custom button-1 fusion-button-default-span fusion-button-default-type\" target=\"_self\" href=\"https:\/\/www.aidalabips.com\/index.php\/perfiles\/\"><span class=\"fusion-button-text\">Volver<\/span><\/a><\/div><\/div><style type=\"text\/css\">.fusion-body .fusion-builder-column-2{width:50% !important;margin-top : 0px;margin-bottom : 20px;}.fusion-builder-column-2 > .fusion-column-wrapper {padding-top : 0px !important;padding-right : 0px !important;margin-right : 3.84%;padding-bottom : 0px !important;padding-left : 0px !important;margin-left : 3.84%;}@media only screen and (max-width:1024px) {.fusion-body .fusion-builder-column-2{width:50% !important;order : 0;}.fusion-builder-column-2 > .fusion-column-wrapper {margin-right : 3.84%;margin-left : 3.84%;}}@media only screen and (max-width:640px) {.fusion-body .fusion-builder-column-2{width:100% !important;order : 0;}.fusion-builder-column-2 > .fusion-column-wrapper {margin-right : 1.92%;margin-left : 1.92%;}}<\/style><\/div><\/div><style type=\"text\/css\">.fusion-body .fusion-flex-container.fusion-builder-row-2{ padding-top : 0px;margin-top : 0px;padding-right : 0px;padding-bottom : 0px;margin-bottom : 0px;padding-left : 0px;}<\/style><\/div><\/p>\n","protected":false},"excerpt":{"rendered":"","protected":false},"author":1,"featured_media":0,"parent":0,"menu_order":0,"comment_status":"closed","ping_status":"closed","template":"100-width.php","meta":{"footnotes":""},"class_list":["post-686","page","type-page","status-publish","hentry"],"_links":{"self":[{"href":"https:\/\/www.aidalabips.com\/index.php\/wp-json\/wp\/v2\/pages\/686","targetHints":{"allow":["GET"]}}],"collection":[{"href":"https:\/\/www.aidalabips.com\/index.php\/wp-json\/wp\/v2\/pages"}],"about":[{"href":"https:\/\/www.aidalabips.com\/index.php\/wp-json\/wp\/v2\/types\/page"}],"author":[{"embeddable":true,"href":"https:\/\/www.aidalabips.com\/index.php\/wp-json\/wp\/v2\/users\/1"}],"replies":[{"embeddable":true,"href":"https:\/\/www.aidalabips.com\/index.php\/wp-json\/wp\/v2\/comments?post=686"}],"version-history":[{"count":17,"href":"https:\/\/www.aidalabips.com\/index.php\/wp-json\/wp\/v2\/pages\/686\/revisions"}],"predecessor-version":[{"id":1328,"href":"https:\/\/www.aidalabips.com\/index.php\/wp-json\/wp\/v2\/pages\/686\/revisions\/1328"}],"wp:attachment":[{"href":"https:\/\/www.aidalabips.com\/index.php\/wp-json\/wp\/v2\/media?parent=686"}],"curies":[{"name":"wp","href":"https:\/\/api.w.org\/{rel}","templated":true}]}}