{"id":594,"date":"2022-10-20T01:52:25","date_gmt":"2022-10-20T01:52:25","guid":{"rendered":"https:\/\/www.aidalabips.com\/?page_id=594"},"modified":"2022-12-14T16:50:35","modified_gmt":"2022-12-14T16:50:35","slug":"tension-alta","status":"publish","type":"page","link":"https:\/\/www.aidalabips.com\/index.php\/tension-alta\/","title":{"rendered":"\u00bfTensi\u00f3n alta?"},"content":{"rendered":"<p><div class=\"fusion-fullwidth fullwidth-box fusion-builder-row-1 fusion-flex-container has-pattern-background has-mask-background fusion-parallax-none nonhundred-percent-fullwidth non-hundred-percent-height-scrolling\" style=\"background-color: rgba(255,255,255,0);background-image: url(&quot;https:\/\/www.aidalabips.com\/wp-content\/uploads\/2022\/12\/ritmo-scaled-e1671036595353.jpg&quot;);background-position: center center;background-repeat: no-repeat;border-width: 0px 0px 0px 0px;border-color:var(--awb-color3);border-style:solid;-webkit-background-size:cover;-moz-background-size:cover;-o-background-size:cover;background-size:cover;\" ><div class=\"fusion-builder-row fusion-row fusion-flex-align-items-flex-start\" style=\"max-width:1248px;margin-left: calc(-4% \/ 2 );margin-right: calc(-4% \/ 2 );\"><div class=\"fusion-layout-column fusion_builder_column fusion-builder-column-0 fusion_builder_column_1_1 1_1 fusion-flex-column\"><div class=\"fusion-column-wrapper fusion-flex-justify-content-flex-start fusion-content-layout-column\" style=\"background-position:left top;background-repeat:no-repeat;-webkit-background-size:cover;-moz-background-size:cover;-o-background-size:cover;background-size:cover;padding: 0px 0px 0px 0px;\"><style type=\"text\/css\">@media only screen and (max-width:1024px) {.fusion-title.fusion-title-1{margin-top:10px!important; margin-right:0px!important;margin-bottom:15px!important;margin-left:0px!important;}}@media only screen and (max-width:640px) {.fusion-title.fusion-title-1{margin-top:10px!important; margin-right:0px!important;margin-bottom:10px!important; margin-left:0px!important;}}<\/style><div class=\"fusion-title title fusion-title-1 fusion-sep-none fusion-title-text fusion-title-size-one\" style=\"margin-top:10px;margin-right:0px;margin-bottom:15px;margin-left:0px;\"><h1 class=\"title-heading-left\" style=\"margin:0;text-shadow:5px 5px 5px var(--awb-color8);\"><h1><strong>\u00bfTensi\u00f3n alta?<\/strong><\/h1><\/h1><\/div><\/div><style type=\"text\/css\">.fusion-body .fusion-builder-column-0{width:100% !important;margin-top : 0px;margin-bottom : 20px;}.fusion-builder-column-0 > .fusion-column-wrapper {padding-top : 0px !important;padding-right : 0px !important;margin-right : 1.92%;padding-bottom : 0px !important;padding-left : 0px !important;margin-left : 1.92%;}@media only screen and (max-width:1024px) {.fusion-body .fusion-builder-column-0{width:100% !important;order : 0;}.fusion-builder-column-0 > .fusion-column-wrapper {margin-right : 1.92%;margin-left : 1.92%;}}@media only screen and (max-width:640px) {.fusion-body .fusion-builder-column-0{width:100% !important;order : 0;}.fusion-builder-column-0 > .fusion-column-wrapper {margin-right : 1.92%;margin-left : 1.92%;}}<\/style><\/div><\/div><style type=\"text\/css\">.fusion-body .fusion-flex-container.fusion-builder-row-1{ padding-top : 0px;margin-top : 0px;padding-right : 0px;padding-bottom : 0px;margin-bottom : 0px;padding-left : 0px;}<\/style><\/div><div class=\"fusion-fullwidth fullwidth-box fusion-builder-row-2 fusion-flex-container has-pattern-background has-mask-background fusion-parallax-none nonhundred-percent-fullwidth non-hundred-percent-height-scrolling\" style=\"background-color: rgba(255,255,255,0);background-image: url(&quot;https:\/\/www.aidalabips.com\/wp-content\/uploads\/2022\/12\/tension-scaled.jpg&quot;);background-position: center center;background-repeat: no-repeat;border-width: 0px 0px 0px 0px;border-color:var(--awb-color3);border-style:solid;-webkit-background-size:cover;-moz-background-size:cover;-o-background-size:cover;background-size:cover;\" ><div class=\"fusion-builder-row fusion-row fusion-flex-align-items-flex-start\" style=\"max-width:1248px;margin-left: calc(-4% \/ 2 );margin-right: calc(-4% \/ 2 );\"><div class=\"fusion-layout-column fusion_builder_column fusion-builder-column-1 fusion_builder_column_1_2 1_2 fusion-flex-column\"><div class=\"fusion-column-wrapper fusion-flex-justify-content-flex-start fusion-content-layout-column\" style=\"background-position:left top;background-repeat:no-repeat;-webkit-background-size:cover;-moz-background-size:cover;-o-background-size:cover;background-size:cover;padding: 0px 0px 0px 0px;\"><div class=\"fusion-text fusion-text-1\"><p>La hipertensi\u00f3n\u00a0 consisten en presi\u00f3n arterial alta la cual se puede tener durante a\u00f1os sin presentar ning\u00fan s\u00edntoma. La presi\u00f3n arterial alta aumenta el riesgo de padecer graves problemas de salud, como el ataque card\u00edaco y el accidente cerebrovascular, insuficiencia renal.<\/p>\n<p>Este chequeo es ideal para\u00a0personas quienes sufren de hipertensi\u00f3n arterial y desean monitorizar el estado de la enfermedad y efectividad del tratamiento. Recomendable hacerlos cada 4 meses.<\/p>\n<\/div><div class=\"fusion-text fusion-text-2\"><h3><b><u>Ex\u00e1menes<\/u><\/b><u><b> recomendados<\/b><\/u>:<\/h3>\n<ul>\n<li>CUADRO HEM\u00c1TICO<\/li>\n<li>GLICEMIA<\/li>\n<li>CREATININA<\/li>\n<li>NITR\u00d3GENO UREICO<\/li>\n<li>SODIO<\/li>\n<li>POTASIO<\/li>\n<li>COLESTEROL TOTAL<\/li>\n<li>COLESTEROL HDL<\/li>\n<li>TRIGLIC\u00c9RIDOS<\/li>\n<li>\u00c1CIDO \u00daRICO<\/li>\n<li>PARCIAL DE ORINA<\/li>\n<li>MICROALBUMINURIA<\/li>\n<\/ul>\n<\/div><div ><style>.fusion-body .fusion-button.button-1.button-3d,.fusion-body .fusion-button.button-1.button-3d:hover{box-shadow:inset 0 1px 0 #fff, 0 0.15em 0 hsla(var(--awb-color5-h),calc(var(--awb-color5-s) - 5%),calc(var(--awb-color5-l) - 10%),var(--awb-color5-a)), 0.1em 0.2em 0.2em 0.15em rgba(0, 0, 0, 0.3);}.fusion-body .fusion-button.button-1.button-3d:active,.fusion-body .fusion-button.button-1.button-3d:hover:active{box-shadow:inset 0 1px 0 #fff, 0 1px 0 hsla(var(--awb-color5-h),calc(var(--awb-color5-s) - 5%),calc(var(--awb-color5-l) - 10%),var(--awb-color5-a)), 0.05em 0.1em 0.1em 0.07em rgba(0, 0, 0, 0.3);}.fusion-body .fusion-button.button-1{border-color:var(--awb-color1);border-radius:4px 4px 4px 4px;background:#8e45b0;}.fusion-body .fusion-button.button-1 .fusion-button-text,.fusion-body .fusion-button.button-1 i,.fusion-body .fusion-button.button-1:hover .fusion-button-text,.fusion-body .fusion-button.button-1:hover i,.fusion-body .fusion-button.button-1:focus .fusion-button-text,.fusion-body .fusion-button.button-1:focus i,.fusion-body .fusion-button.button-1:active .fusion-button-text,.fusion-body .fusion-button.button-1:active i{color:var(--awb-color1);}.fusion-body .fusion-button.button-1:hover,.fusion-body .fusion-button.button-1:active,.fusion-body .fusion-button.button-1:focus{border-color:var(--awb-color1);background:#ee008a;}<\/style><a class=\"fusion-button button-3d fusion-button-default-size button-custom button-1 fusion-button-default-span fusion-button-default-type\" target=\"_self\" href=\"https:\/\/www.aidalabips.com\/index.php\/perfil-bienestar\/\"><span class=\"fusion-button-text\">Volver<\/span><\/a><\/div><\/div><style type=\"text\/css\">.fusion-body .fusion-builder-column-1{width:50% !important;margin-top : 20px;margin-bottom : 20px;}.fusion-builder-column-1 > .fusion-column-wrapper {padding-top : 0px !important;padding-right : 0px !important;margin-right : 3.84%;padding-bottom : 0px !important;padding-left : 0px !important;margin-left : 3.84%;}@media only screen and (max-width:1024px) {.fusion-body .fusion-builder-column-1{width:50% !important;order : 0;}.fusion-builder-column-1 > .fusion-column-wrapper {margin-right : 3.84%;margin-left : 3.84%;}}@media only screen and (max-width:640px) {.fusion-body .fusion-builder-column-1{width:100% !important;order : 0;}.fusion-builder-column-1 > .fusion-column-wrapper {margin-right : 1.92%;margin-left : 1.92%;}}<\/style><\/div><\/div><style type=\"text\/css\">.fusion-body .fusion-flex-container.fusion-builder-row-2{ padding-top : 0px;margin-top : 0px;padding-right : 0px;padding-bottom : 0px;margin-bottom : 0px;padding-left : 0px;}<\/style><\/div><\/p>\n","protected":false},"excerpt":{"rendered":"","protected":false},"author":1,"featured_media":0,"parent":0,"menu_order":0,"comment_status":"closed","ping_status":"closed","template":"100-width.php","meta":{"footnotes":""},"class_list":["post-594","page","type-page","status-publish","hentry"],"_links":{"self":[{"href":"https:\/\/www.aidalabips.com\/index.php\/wp-json\/wp\/v2\/pages\/594","targetHints":{"allow":["GET"]}}],"collection":[{"href":"https:\/\/www.aidalabips.com\/index.php\/wp-json\/wp\/v2\/pages"}],"about":[{"href":"https:\/\/www.aidalabips.com\/index.php\/wp-json\/wp\/v2\/types\/page"}],"author":[{"embeddable":true,"href":"https:\/\/www.aidalabips.com\/index.php\/wp-json\/wp\/v2\/users\/1"}],"replies":[{"embeddable":true,"href":"https:\/\/www.aidalabips.com\/index.php\/wp-json\/wp\/v2\/comments?post=594"}],"version-history":[{"count":8,"href":"https:\/\/www.aidalabips.com\/index.php\/wp-json\/wp\/v2\/pages\/594\/revisions"}],"predecessor-version":[{"id":1241,"href":"https:\/\/www.aidalabips.com\/index.php\/wp-json\/wp\/v2\/pages\/594\/revisions\/1241"}],"wp:attachment":[{"href":"https:\/\/www.aidalabips.com\/index.php\/wp-json\/wp\/v2\/media?parent=594"}],"curies":[{"name":"wp","href":"https:\/\/api.w.org\/{rel}","templated":true}]}}