{"id":503,"date":"2022-10-19T23:26:58","date_gmt":"2022-10-19T23:26:58","guid":{"rendered":"https:\/\/www.aidalabips.com\/?page_id=503"},"modified":"2022-12-27T16:50:44","modified_gmt":"2022-12-27T16:50:44","slug":"perfil-bienestar","status":"publish","type":"page","link":"https:\/\/www.aidalabips.com\/index.php\/perfil-bienestar\/","title":{"rendered":"Perfil Bienestar"},"content":{"rendered":"<p><div class=\"fusion-fullwidth fullwidth-box fusion-builder-row-1 fusion-flex-container has-pattern-background has-mask-background fusion-parallax-none nonhundred-percent-fullwidth non-hundred-percent-height-scrolling\" style=\"background-color: rgba(255,255,255,0);background-image: url(&quot;https:\/\/www.aidalabips.com\/wp-content\/uploads\/2022\/12\/bienestar-scaled-e1669925470286.jpg&quot;);background-position: center center;background-repeat: no-repeat;border-width: 0px 0px 0px 0px;border-color:var(--awb-color3);border-style:solid;-webkit-background-size:cover;-moz-background-size:cover;-o-background-size:cover;background-size:cover;\" ><div class=\"fusion-builder-row fusion-row fusion-flex-align-items-flex-start\" style=\"max-width:1248px;margin-left: calc(-4% \/ 2 );margin-right: calc(-4% \/ 2 );\"><div class=\"fusion-layout-column fusion_builder_column fusion-builder-column-0 fusion_builder_column_1_1 1_1 fusion-flex-column\"><div class=\"fusion-column-wrapper fusion-flex-justify-content-flex-start fusion-content-layout-column\" style=\"background-position:left top;background-repeat:no-repeat;-webkit-background-size:cover;-moz-background-size:cover;-o-background-size:cover;background-size:cover;padding: 0px 0px 0px 0px;\"><style type=\"text\/css\">@media only screen and (max-width:1024px) {.fusion-title.fusion-title-1{margin-top:10px!important; margin-right:0px!important;margin-bottom:15px!important;margin-left:0px!important;}}@media only screen and (max-width:640px) {.fusion-title.fusion-title-1{margin-top:10px!important; margin-right:0px!important;margin-bottom:10px!important; margin-left:0px!important;}}<\/style><div class=\"fusion-title title fusion-title-1 fusion-sep-none fusion-title-text fusion-title-size-one\" style=\"margin-top:10px;margin-right:0px;margin-bottom:15px;margin-left:0px;\"><h1 class=\"title-heading-left\" style=\"margin:0;text-shadow:5px 5px 5px;\"><h1><span style=\"color: #ffffff;\">Perfil Bienestar<\/span><\/h1><\/h1><\/div><\/div><style type=\"text\/css\">.fusion-body .fusion-builder-column-0{width:100% !important;margin-top : 0px;margin-bottom : 20px;}.fusion-builder-column-0 > .fusion-column-wrapper {padding-top : 0px !important;padding-right : 0px !important;margin-right : 1.92%;padding-bottom : 0px !important;padding-left : 0px !important;margin-left : 1.92%;}@media only screen and (max-width:1024px) {.fusion-body .fusion-builder-column-0{width:100% !important;order : 0;}.fusion-builder-column-0 > .fusion-column-wrapper {margin-right : 1.92%;margin-left : 1.92%;}}@media only screen and (max-width:640px) {.fusion-body .fusion-builder-column-0{width:100% !important;order : 0;}.fusion-builder-column-0 > .fusion-column-wrapper {margin-right : 1.92%;margin-left : 1.92%;}}<\/style><\/div><\/div><style type=\"text\/css\">.fusion-body .fusion-flex-container.fusion-builder-row-1{ padding-top : 0px;margin-top : 0px;padding-right : 0px;padding-bottom : 0px;margin-bottom : 0px;padding-left : 0px;}<\/style><\/div><div class=\"fusion-fullwidth fullwidth-box fusion-builder-row-2 fusion-flex-container has-pattern-background has-mask-background fusion-parallax-none nonhundred-percent-fullwidth non-hundred-percent-height-scrolling\" style=\"background-color: rgba(255,255,255,0);background-image: url(&quot;https:\/\/www.aidalabips.com\/wp-content\/uploads\/2022\/12\/yoga-scaled-e1669926217269.jpg&quot;);background-position: center center;background-repeat: no-repeat;border-width: 0px 0px 0px 0px;border-color:var(--awb-color3);border-style:solid;-webkit-background-size:cover;-moz-background-size:cover;-o-background-size:cover;background-size:cover;\" ><div class=\"fusion-builder-row fusion-row fusion-flex-align-items-center\" style=\"max-width:1248px;margin-left: calc(-4% \/ 2 );margin-right: calc(-4% \/ 2 );\"><div class=\"fusion-layout-column fusion_builder_column fusion-builder-column-1 fusion_builder_column_2_3 2_3 fusion-flex-column\"><div class=\"fusion-column-wrapper fusion-flex-justify-content-flex-start fusion-content-layout-column\" style=\"background-position:left top;background-repeat:no-repeat;-webkit-background-size:cover;-moz-background-size:cover;-o-background-size:cover;background-size:cover;padding: 0px 0px 0px 0px;\"><style type=\"text\/css\">.fusion-gallery-1 .fusion-gallery-image {border:5px solid #7296ee;-webkit-border-radius:50%;-moz-border-radius:50%;border-radius:50%;-webkit-mask-image: -webkit-radial-gradient(circle, white, black);}.awb-imageframe-style.awb-imageframe-style-1 .awb-imageframe-caption-container .awb-imageframe-caption-title{color:#2082e5 !important;}.awb-imageframe-style.awb-imageframe-style-1 .awb-imageframe-caption-container{margin-top:20px;}<\/style><div class=\"awb-gallery-wrapper awb-gallery-wrapper-1 fusion-no-small-visibility button-span-yes\" style=\"--more-btn-alignment:center;--more-btn-color:#eb008b;margin-top:30px;\" data-limit=\"8\" data-page=\"1\"><div class=\"fusion-gallery fusion-gallery-container fusion-grid-6 fusion-columns-total-6 fusion-gallery-layout-grid fusion-gallery-1\" style=\"margin:-5px;\"><div style=\"padding:5px;\" class=\"fusion-grid-column fusion-gallery-column fusion-gallery-column-6 awb-imageframe-style awb-imageframe-style-below awb-imageframe-style-1\"><div class=\"fusion-gallery-image fusion-gallery-image-liftup\"><a href=\"https:\/\/www.aidalabips.com\/index.php\/como-esta-tu-azucar\/\" target=\"_self\"><img decoding=\"async\" src=\"https:\/\/www.aidalabips.com\/wp-content\/uploads\/2022\/10\/azucar.jpg\" width=\"2548\" height=\"2548\" alt=\"\" title=\"\u00bfC\u00f3mo est\u00e1 tu az\u00facar?\" aria-label=\"\u00bfC\u00f3mo est\u00e1 tu az\u00facar?\" class=\"img-responsive wp-image-500\" srcset=\"https:\/\/www.aidalabips.com\/wp-content\/uploads\/2022\/10\/azucar-200x200.jpg 200w, https:\/\/www.aidalabips.com\/wp-content\/uploads\/2022\/10\/azucar-400x400.jpg 400w, https:\/\/www.aidalabips.com\/wp-content\/uploads\/2022\/10\/azucar-600x600.jpg 600w, https:\/\/www.aidalabips.com\/wp-content\/uploads\/2022\/10\/azucar-800x800.jpg 800w, https:\/\/www.aidalabips.com\/wp-content\/uploads\/2022\/10\/azucar-1200x1200.jpg 1200w, https:\/\/www.aidalabips.com\/wp-content\/uploads\/2022\/10\/azucar.jpg 2548w\" sizes=\"(min-width: 2200px) 100vw, (min-width: 1000px) 196px, (min-width: 928px) 235px, (min-width: 856px) 294px, (min-width: 784px) 392px, (min-width: 712px) 588px, (min-width: 640px) 712px, \" \/><\/a><\/div><div class=\"awb-imageframe-caption-container\" style=\"text-align:center;\"><div class=\"awb-imageframe-caption\"><h6 class=\"awb-imageframe-caption-title\">\u00bfC\u00f3mo est\u00e1 tu az\u00facar?<\/h6><\/div><\/div><\/div><div style=\"padding:5px;\" class=\"fusion-grid-column fusion-gallery-column fusion-gallery-column-6 awb-imageframe-style awb-imageframe-style-below awb-imageframe-style-1\"><div class=\"fusion-gallery-image fusion-gallery-image-liftup\"><a href=\"https:\/\/www.aidalabips.com\/index.php\/como-estan-tus-grasas\/\" target=\"_self\"><img decoding=\"async\" src=\"https:\/\/www.aidalabips.com\/wp-content\/uploads\/2022\/10\/doctor-s-hands-holding-an-urine-test-scaled.jpg\" width=\"2560\" height=\"2560\" alt=\"\" title=\"\u00bfC\u00f3mo est\u00e1n tus grasas?\" aria-label=\"\u00bfC\u00f3mo est\u00e1n tus grasas?\" class=\"img-responsive wp-image-508\" srcset=\"https:\/\/www.aidalabips.com\/wp-content\/uploads\/2022\/10\/doctor-s-hands-holding-an-urine-test-200x200.jpg 200w, https:\/\/www.aidalabips.com\/wp-content\/uploads\/2022\/10\/doctor-s-hands-holding-an-urine-test-400x400.jpg 400w, https:\/\/www.aidalabips.com\/wp-content\/uploads\/2022\/10\/doctor-s-hands-holding-an-urine-test-600x600.jpg 600w, https:\/\/www.aidalabips.com\/wp-content\/uploads\/2022\/10\/doctor-s-hands-holding-an-urine-test-800x800.jpg 800w, https:\/\/www.aidalabips.com\/wp-content\/uploads\/2022\/10\/doctor-s-hands-holding-an-urine-test-1200x1200.jpg 1200w, https:\/\/www.aidalabips.com\/wp-content\/uploads\/2022\/10\/doctor-s-hands-holding-an-urine-test-scaled.jpg 2560w\" sizes=\"(min-width: 2200px) 100vw, (min-width: 1000px) 196px, (min-width: 928px) 235px, (min-width: 856px) 294px, (min-width: 784px) 392px, (min-width: 712px) 588px, (min-width: 640px) 712px, \" \/><\/a><\/div><div class=\"awb-imageframe-caption-container\" style=\"text-align:center;\"><div class=\"awb-imageframe-caption\"><h6 class=\"awb-imageframe-caption-title\">\u00bfC\u00f3mo est\u00e1n tus grasas?<\/h6><\/div><\/div><\/div><div style=\"padding:5px;\" class=\"fusion-grid-column fusion-gallery-column fusion-gallery-column-6 awb-imageframe-style awb-imageframe-style-below awb-imageframe-style-1\"><div class=\"fusion-gallery-image fusion-gallery-image-liftup\"><a href=\"https:\/\/www.aidalabips.com\/index.php\/como-estan-tus-rinones\/\" target=\"_self\"><img decoding=\"async\" src=\"https:\/\/www.aidalabips.com\/wp-content\/uploads\/2022\/10\/7930104.jpg\" width=\"2000\" height=\"2000\" alt=\"\" title=\"\u00bfC\u00f3mo est\u00e1n tus ri\u00f1ones?\" aria-label=\"\u00bfC\u00f3mo est\u00e1n tus ri\u00f1ones?\" class=\"img-responsive wp-image-538\" srcset=\"https:\/\/www.aidalabips.com\/wp-content\/uploads\/2022\/10\/7930104-200x200.jpg 200w, https:\/\/www.aidalabips.com\/wp-content\/uploads\/2022\/10\/7930104-400x400.jpg 400w, https:\/\/www.aidalabips.com\/wp-content\/uploads\/2022\/10\/7930104-600x600.jpg 600w, https:\/\/www.aidalabips.com\/wp-content\/uploads\/2022\/10\/7930104-800x800.jpg 800w, https:\/\/www.aidalabips.com\/wp-content\/uploads\/2022\/10\/7930104-1200x1200.jpg 1200w, https:\/\/www.aidalabips.com\/wp-content\/uploads\/2022\/10\/7930104.jpg 2000w\" sizes=\"(min-width: 2200px) 100vw, (min-width: 1000px) 196px, (min-width: 928px) 235px, (min-width: 856px) 294px, (min-width: 784px) 392px, (min-width: 712px) 588px, (min-width: 640px) 712px, \" \/><\/a><\/div><div class=\"awb-imageframe-caption-container\" style=\"text-align:center;\"><div class=\"awb-imageframe-caption\"><h6 class=\"awb-imageframe-caption-title\">\u00bfC\u00f3mo est\u00e1n tus ri\u00f1ones? <\/h6><\/div><\/div><\/div><div style=\"padding:5px;\" class=\"fusion-grid-column fusion-gallery-column fusion-gallery-column-6 awb-imageframe-style awb-imageframe-style-below awb-imageframe-style-1\"><div class=\"fusion-gallery-image fusion-gallery-image-liftup\"><a href=\"https:\/\/www.aidalabips.com\/index.php\/dolor-en-tus-articulaciones\/\" target=\"_self\"><img decoding=\"async\" src=\"https:\/\/www.aidalabips.com\/wp-content\/uploads\/2022\/10\/Dolor-en-tus-articulaciones-scaled.jpg\" width=\"2560\" height=\"2560\" alt=\"\u00bfDolor en tus articulaciones?\" title=\"\u00bfDolor en tus articulaciones?\" aria-label=\"\u00bfDolor en tus articulaciones?\" class=\"img-responsive wp-image-511\" srcset=\"https:\/\/www.aidalabips.com\/wp-content\/uploads\/2022\/10\/Dolor-en-tus-articulaciones-200x200.jpg 200w, https:\/\/www.aidalabips.com\/wp-content\/uploads\/2022\/10\/Dolor-en-tus-articulaciones-400x400.jpg 400w, https:\/\/www.aidalabips.com\/wp-content\/uploads\/2022\/10\/Dolor-en-tus-articulaciones-600x600.jpg 600w, https:\/\/www.aidalabips.com\/wp-content\/uploads\/2022\/10\/Dolor-en-tus-articulaciones-800x800.jpg 800w, https:\/\/www.aidalabips.com\/wp-content\/uploads\/2022\/10\/Dolor-en-tus-articulaciones-1200x1200.jpg 1200w, https:\/\/www.aidalabips.com\/wp-content\/uploads\/2022\/10\/Dolor-en-tus-articulaciones-scaled.jpg 2560w\" sizes=\"(min-width: 2200px) 100vw, (min-width: 1000px) 196px, (min-width: 928px) 235px, (min-width: 856px) 294px, (min-width: 784px) 392px, (min-width: 712px) 588px, (min-width: 640px) 712px, \" \/><\/a><\/div><div class=\"awb-imageframe-caption-container\" style=\"text-align:center;\"><div class=\"awb-imageframe-caption\"><h6 class=\"awb-imageframe-caption-title\">\u00bfDolor en tus articulaciones?<\/h6><\/div><\/div><\/div><div style=\"padding:5px;\" class=\"fusion-grid-column fusion-gallery-column fusion-gallery-column-6 awb-imageframe-style awb-imageframe-style-below awb-imageframe-style-1\"><div class=\"fusion-gallery-image fusion-gallery-image-liftup\"><a href=\"https:\/\/www.aidalabips.com\/index.php\/cansancio-o-fatiga\/\" target=\"_self\"><img decoding=\"async\" src=\"https:\/\/www.aidalabips.com\/wp-content\/uploads\/2022\/10\/Cansancio-o-fatiga-scaled.jpg\" width=\"2560\" height=\"2560\" alt=\"\" title=\"\u00bfCansancio o fatiga?\" aria-label=\"\u00bfCansancio o fatiga?\" class=\"img-responsive wp-image-513\" srcset=\"https:\/\/www.aidalabips.com\/wp-content\/uploads\/2022\/10\/Cansancio-o-fatiga-200x200.jpg 200w, https:\/\/www.aidalabips.com\/wp-content\/uploads\/2022\/10\/Cansancio-o-fatiga-400x400.jpg 400w, https:\/\/www.aidalabips.com\/wp-content\/uploads\/2022\/10\/Cansancio-o-fatiga-600x600.jpg 600w, https:\/\/www.aidalabips.com\/wp-content\/uploads\/2022\/10\/Cansancio-o-fatiga-800x800.jpg 800w, https:\/\/www.aidalabips.com\/wp-content\/uploads\/2022\/10\/Cansancio-o-fatiga-1200x1200.jpg 1200w, https:\/\/www.aidalabips.com\/wp-content\/uploads\/2022\/10\/Cansancio-o-fatiga-scaled.jpg 2560w\" sizes=\"(min-width: 2200px) 100vw, (min-width: 1000px) 196px, (min-width: 928px) 235px, (min-width: 856px) 294px, (min-width: 784px) 392px, (min-width: 712px) 588px, (min-width: 640px) 712px, \" \/><\/a><\/div><div class=\"awb-imageframe-caption-container\" style=\"text-align:center;\"><div class=\"awb-imageframe-caption\"><h6 class=\"awb-imageframe-caption-title\">\u00bfCansancio o fatiga?<\/h6><\/div><\/div><\/div><div style=\"padding:5px;\" class=\"fusion-grid-column fusion-gallery-column fusion-gallery-column-6 awb-imageframe-style awb-imageframe-style-below awb-imageframe-style-1\"><div class=\"fusion-gallery-image fusion-gallery-image-liftup\"><a href=\"https:\/\/www.aidalabips.com\/index.php\/cuidas-bien-tu-corazon\/\" target=\"_self\"><img decoding=\"async\" src=\"https:\/\/www.aidalabips.com\/wp-content\/uploads\/2022\/10\/Cuidas-bien-tu-corazon-scaled.jpg\" width=\"2560\" height=\"2560\" alt=\"\" title=\"\u00bfCuidas bien tu coraz\u00f3n?\" aria-label=\"\u00bfCuidas bien tu coraz\u00f3n?\" class=\"img-responsive wp-image-510\" srcset=\"https:\/\/www.aidalabips.com\/wp-content\/uploads\/2022\/10\/Cuidas-bien-tu-corazon-200x200.jpg 200w, https:\/\/www.aidalabips.com\/wp-content\/uploads\/2022\/10\/Cuidas-bien-tu-corazon-400x400.jpg 400w, https:\/\/www.aidalabips.com\/wp-content\/uploads\/2022\/10\/Cuidas-bien-tu-corazon-600x600.jpg 600w, https:\/\/www.aidalabips.com\/wp-content\/uploads\/2022\/10\/Cuidas-bien-tu-corazon-800x800.jpg 800w, https:\/\/www.aidalabips.com\/wp-content\/uploads\/2022\/10\/Cuidas-bien-tu-corazon-1200x1200.jpg 1200w, https:\/\/www.aidalabips.com\/wp-content\/uploads\/2022\/10\/Cuidas-bien-tu-corazon-scaled.jpg 2560w\" sizes=\"(min-width: 2200px) 100vw, (min-width: 1000px) 196px, (min-width: 928px) 235px, (min-width: 856px) 294px, (min-width: 784px) 392px, (min-width: 712px) 588px, (min-width: 640px) 712px, \" \/><\/a><\/div><div class=\"awb-imageframe-caption-container\" style=\"text-align:center;\"><div class=\"awb-imageframe-caption\"><h6 class=\"awb-imageframe-caption-title\">\u00bfCuidas bien tu coraz\u00f3n?<\/h6><\/div><\/div><\/div><div class=\"clearfix\"><\/div><\/div><\/div><\/div><style type=\"text\/css\">.fusion-body .fusion-builder-column-1{width:66.666666666667% !important;margin-top : 0px;margin-bottom : 20px;}.fusion-builder-column-1 > .fusion-column-wrapper {padding-top : 0px !important;padding-right : 0px !important;margin-right : 0%;padding-bottom : 0px !important;padding-left : 0px !important;margin-left : 2.88%;}@media only screen and (max-width:1024px) {.fusion-body .fusion-builder-column-1{width:66.666666666667% !important;order : 0;}.fusion-builder-column-1 > .fusion-column-wrapper {margin-right : 0%;margin-left : 2.88%;}}@media only screen and (max-width:640px) {.fusion-body .fusion-builder-column-1{width:100% !important;order : 0;}.fusion-builder-column-1 > .fusion-column-wrapper {margin-right : 1.92%;margin-left : 1.92%;}}<\/style><\/div><div class=\"fusion-layout-column fusion_builder_column fusion-builder-column-2 fusion_builder_column_1_3 1_3 fusion-flex-column\"><div class=\"fusion-column-wrapper fusion-flex-justify-content-flex-start fusion-content-layout-column\" style=\"background-position:left top;background-repeat:no-repeat;-webkit-background-size:cover;-moz-background-size:cover;-o-background-size:cover;background-size:cover;padding: 0px 0px 0px 0px;\"><style type=\"text\/css\">.fusion-gallery-2 .fusion-gallery-image {border:5px solid #7296ee;-webkit-border-radius:50%;-moz-border-radius:50%;border-radius:50%;-webkit-mask-image: -webkit-radial-gradient(circle, white, black);}.awb-imageframe-style.awb-imageframe-style-2 .awb-imageframe-caption-container .awb-imageframe-caption-title{color:#2082e5 !important;}.awb-imageframe-style.awb-imageframe-style-2 .awb-imageframe-caption-container{margin-top:20px;}<\/style><div class=\"awb-gallery-wrapper awb-gallery-wrapper-2 fusion-no-small-visibility button-span-yes\" style=\"--more-btn-alignment:center;--more-btn-color:#eb008b;margin-top:30px;\" data-limit=\"8\" data-page=\"1\"><div class=\"fusion-gallery fusion-gallery-container fusion-grid-3 fusion-columns-total-3 fusion-gallery-layout-grid fusion-gallery-2\" style=\"margin:-5px;\"><div style=\"padding:5px;\" class=\"fusion-grid-column fusion-gallery-column fusion-gallery-column-3 awb-imageframe-style awb-imageframe-style-below awb-imageframe-style-2\"><div class=\"fusion-gallery-image fusion-gallery-image-liftup\"><a href=\"https:\/\/www.aidalabips.com\/index.php\/tension-alta\/\" target=\"_self\"><img decoding=\"async\" src=\"https:\/\/www.aidalabips.com\/wp-content\/uploads\/2022\/12\/Tension-alta-.jpg\" width=\"2560\" height=\"2560\" alt=\"\" title=\"Tensi\u00f3n alta\" aria-label=\"Tensi\u00f3n alta\" class=\"img-responsive wp-image-1457\"  \/><\/a><\/div><div class=\"awb-imageframe-caption-container\" style=\"text-align:center;\"><div class=\"awb-imageframe-caption\"><h6 class=\"awb-imageframe-caption-title\">\u00bfTensi\u00f3n alta?<\/h6><\/div><\/div><\/div><div style=\"padding:5px;\" class=\"fusion-grid-column fusion-gallery-column fusion-gallery-column-3 awb-imageframe-style awb-imageframe-style-below awb-imageframe-style-2\"><div class=\"fusion-gallery-image fusion-gallery-image-liftup\"><a href=\"https:\/\/www.aidalabips.com\/index.php\/intolerancia-alimenticia\/\" target=\"_self\"><img decoding=\"async\" src=\"https:\/\/www.aidalabips.com\/wp-content\/uploads\/2022\/10\/Intolerancia-alimenticia.jpg\" width=\"2000\" height=\"2000\" alt=\"\" title=\"\u00bfIntolerancia alimenticia?\" aria-label=\"\u00bfIntolerancia alimenticia?\" class=\"img-responsive wp-image-509\" srcset=\"https:\/\/www.aidalabips.com\/wp-content\/uploads\/2022\/10\/Intolerancia-alimenticia-200x200.jpg 200w, https:\/\/www.aidalabips.com\/wp-content\/uploads\/2022\/10\/Intolerancia-alimenticia-400x400.jpg 400w, https:\/\/www.aidalabips.com\/wp-content\/uploads\/2022\/10\/Intolerancia-alimenticia-600x600.jpg 600w, https:\/\/www.aidalabips.com\/wp-content\/uploads\/2022\/10\/Intolerancia-alimenticia-800x800.jpg 800w, https:\/\/www.aidalabips.com\/wp-content\/uploads\/2022\/10\/Intolerancia-alimenticia-1200x1200.jpg 1200w, https:\/\/www.aidalabips.com\/wp-content\/uploads\/2022\/10\/Intolerancia-alimenticia.jpg 2000w\" sizes=\"(min-width: 2200px) 100vw, (min-width: 784px) 397px, (min-width: 712px) 595px, (min-width: 640px) 712px, \" \/><\/a><\/div><div class=\"awb-imageframe-caption-container\" style=\"text-align:center;\"><div class=\"awb-imageframe-caption\"><h6 class=\"awb-imageframe-caption-title\">\u00bfIntolerancia alimenticia?<\/h6><\/div><\/div><\/div><div style=\"padding:5px;\" class=\"fusion-grid-column fusion-gallery-column fusion-gallery-column-3 awb-imageframe-style awb-imageframe-style-below awb-imageframe-style-2\"><div class=\"fusion-gallery-image fusion-gallery-image-liftup\"><a href=\"https:\/\/www.aidalabips.com\/index.php\/alergias\/\" target=\"_self\"><img decoding=\"async\" src=\"https:\/\/www.aidalabips.com\/wp-content\/uploads\/2022\/12\/perfil-de-alergias.jpg\" width=\"2560\" height=\"2560\" alt=\"\" title=\"perfil de alergias\" aria-label=\"perfil de alergias\" class=\"img-responsive wp-image-1459\"  \/><\/a><\/div><div class=\"awb-imageframe-caption-container\" style=\"text-align:center;\"><div class=\"awb-imageframe-caption\"><h6 class=\"awb-imageframe-caption-title\">\u00bfAlergias?<\/h6><\/div><\/div><\/div><div class=\"clearfix\"><\/div><\/div><\/div><\/div><style type=\"text\/css\">.fusion-body .fusion-builder-column-2{width:33.333333333333% !important;margin-top : 0px;margin-bottom : 20px;}.fusion-builder-column-2 > .fusion-column-wrapper {padding-top : 0px !important;padding-right : 0px !important;margin-right : 5.76%;padding-bottom : 0px !important;padding-left : 0px !important;margin-left : 0;}@media only screen and (max-width:1024px) {.fusion-body .fusion-builder-column-2{width:33.333333333333% !important;order : 0;}.fusion-builder-column-2 > .fusion-column-wrapper {margin-right : 5.76%;margin-left : 0;}}@media only screen and (max-width:640px) {.fusion-body .fusion-builder-column-2{width:100% !important;order : 0;}.fusion-builder-column-2 > .fusion-column-wrapper {margin-right : 1.92%;margin-left : 1.92%;}}<\/style><\/div><div class=\"fusion-layout-column fusion_builder_column fusion-builder-column-3 fusion_builder_column_1_2 1_2 fusion-flex-column\"><div class=\"fusion-column-wrapper fusion-flex-justify-content-flex-start fusion-content-layout-column\" style=\"background-position:left top;background-repeat:no-repeat;-webkit-background-size:cover;-moz-background-size:cover;-o-background-size:cover;background-size:cover;padding: 0px 0px 0px 0px;\"><div class=\"fusion-text fusion-text-1\"><p>En un mundo donde las largas jornadas laborales,\u00a0 la poca disponibilidad de tiempo ,los altos niveles de estr\u00e9s marcan el d\u00eda a d\u00eda, cada vez es m\u00e1s dif\u00edcil sacar espacios para asistir a consultas m\u00e9dicas peri\u00f3dicas, reclamar ex\u00e1menes o hacerse\u00a0 chequeos de diagnostico o control; todo esto sumado a la dif\u00edcil accesibilidad a los servicios por parte de las EPS.<\/p>\n<p>Por ello, Partiendo de la premisa que prevenir es mejor que curar, se han establecido un perfil de chequeo por s\u00edntomas y\/o \u00f3rganos.<\/p>\n<\/div><div ><style>.fusion-body .fusion-button.button-1.button-3d,.fusion-body .fusion-button.button-1.button-3d:hover{box-shadow:inset 0 1px 0 #fff, 0 0.15em 0 hsla(var(--awb-color5-h),calc(var(--awb-color5-s) - 5%),calc(var(--awb-color5-l) - 10%),var(--awb-color5-a)), 0.1em 0.2em 0.2em 0.15em rgba(0, 0, 0, 0.3);}.fusion-body .fusion-button.button-1.button-3d:active,.fusion-body .fusion-button.button-1.button-3d:hover:active{box-shadow:inset 0 1px 0 #fff, 0 1px 0 hsla(var(--awb-color5-h),calc(var(--awb-color5-s) - 5%),calc(var(--awb-color5-l) - 10%),var(--awb-color5-a)), 0.05em 0.1em 0.1em 0.07em rgba(0, 0, 0, 0.3);}.fusion-body .fusion-button.button-1{border-color:var(--awb-color1);border-radius:4px 4px 4px 4px;background:#8e45b0;}.fusion-body .fusion-button.button-1 .fusion-button-text,.fusion-body .fusion-button.button-1 i,.fusion-body .fusion-button.button-1:hover .fusion-button-text,.fusion-body .fusion-button.button-1:hover i,.fusion-body .fusion-button.button-1:focus .fusion-button-text,.fusion-body .fusion-button.button-1:focus i,.fusion-body .fusion-button.button-1:active .fusion-button-text,.fusion-body .fusion-button.button-1:active i{color:var(--awb-color1);}.fusion-body .fusion-button.button-1:hover,.fusion-body .fusion-button.button-1:active,.fusion-body .fusion-button.button-1:focus{border-color:var(--awb-color1);background:#ee008a;}<\/style><a class=\"fusion-button button-3d fusion-button-default-size button-custom button-1 fusion-button-default-span fusion-button-default-type\" target=\"_self\" href=\"https:\/\/www.aidalabips.com\/index.php\/perfiles\/\"><span class=\"fusion-button-text\">Volver<\/span><\/a><\/div><\/div><style type=\"text\/css\">.fusion-body .fusion-builder-column-3{width:50% !important;margin-top : 0px;margin-bottom : 20px;}.fusion-builder-column-3 > .fusion-column-wrapper {padding-top : 0px !important;padding-right : 0px !important;margin-right : 3.84%;padding-bottom : 0px !important;padding-left : 0px !important;margin-left : 3.84%;}@media only screen and (max-width:1024px) {.fusion-body .fusion-builder-column-3{width:50% !important;order : 0;}.fusion-builder-column-3 > .fusion-column-wrapper {margin-right : 3.84%;margin-left : 3.84%;}}@media only screen and (max-width:640px) {.fusion-body .fusion-builder-column-3{width:100% !important;order : 0;}.fusion-builder-column-3 > .fusion-column-wrapper {margin-right : 1.92%;margin-left : 1.92%;}}<\/style><\/div><\/div><style type=\"text\/css\">.fusion-body .fusion-flex-container.fusion-builder-row-2{ padding-top : 0px;margin-top : 0px;padding-right : 0px;padding-bottom : 0px;margin-bottom : 0px;padding-left : 0px;}<\/style><\/div><\/p>\n","protected":false},"excerpt":{"rendered":"","protected":false},"author":1,"featured_media":0,"parent":0,"menu_order":0,"comment_status":"closed","ping_status":"closed","template":"100-width.php","meta":{"footnotes":""},"class_list":["post-503","page","type-page","status-publish","hentry"],"_links":{"self":[{"href":"https:\/\/www.aidalabips.com\/index.php\/wp-json\/wp\/v2\/pages\/503","targetHints":{"allow":["GET"]}}],"collection":[{"href":"https:\/\/www.aidalabips.com\/index.php\/wp-json\/wp\/v2\/pages"}],"about":[{"href":"https:\/\/www.aidalabips.com\/index.php\/wp-json\/wp\/v2\/types\/page"}],"author":[{"embeddable":true,"href":"https:\/\/www.aidalabips.com\/index.php\/wp-json\/wp\/v2\/users\/1"}],"replies":[{"embeddable":true,"href":"https:\/\/www.aidalabips.com\/index.php\/wp-json\/wp\/v2\/comments?post=503"}],"version-history":[{"count":55,"href":"https:\/\/www.aidalabips.com\/index.php\/wp-json\/wp\/v2\/pages\/503\/revisions"}],"predecessor-version":[{"id":1460,"href":"https:\/\/www.aidalabips.com\/index.php\/wp-json\/wp\/v2\/pages\/503\/revisions\/1460"}],"wp:attachment":[{"href":"https:\/\/www.aidalabips.com\/index.php\/wp-json\/wp\/v2\/media?parent=503"}],"curies":[{"name":"wp","href":"https:\/\/api.w.org\/{rel}","templated":true}]}}