{"id":490,"date":"2022-10-19T22:42:25","date_gmt":"2022-10-19T22:42:25","guid":{"rendered":"https:\/\/www.aidalabips.com\/?page_id=490"},"modified":"2022-11-22T19:31:31","modified_gmt":"2022-11-22T19:31:31","slug":"perfil-para-dieta-proteica","status":"publish","type":"page","link":"https:\/\/www.aidalabips.com\/index.php\/perfil-para-dieta-proteica\/","title":{"rendered":"Perfil para Dieta Proteica"},"content":{"rendered":"<p><div class=\"fusion-fullwidth fullwidth-box fusion-builder-row-1 fusion-flex-container has-pattern-background has-mask-background fusion-parallax-none nonhundred-percent-fullwidth non-hundred-percent-height-scrolling\" style=\"background-color: rgba(255,255,255,0);background-image: url(&quot;https:\/\/www.aidalabips.com\/wp-content\/uploads\/2022\/10\/Banner-Dieta-Proteica-scaled.jpg&quot;);background-position: center bottom;background-repeat: no-repeat;border-width: 0px 0px 0px 0px;border-color:var(--awb-color3);border-style:solid;-webkit-background-size:cover;-moz-background-size:cover;-o-background-size:cover;background-size:cover;\" ><div class=\"fusion-builder-row fusion-row fusion-flex-align-items-flex-start\" style=\"max-width:1248px;margin-left: calc(-4% \/ 2 );margin-right: calc(-4% \/ 2 );\"><div class=\"fusion-layout-column fusion_builder_column fusion-builder-column-0 fusion_builder_column_1_1 1_1 fusion-flex-column\"><div class=\"fusion-column-wrapper fusion-flex-justify-content-flex-start fusion-content-layout-column\" style=\"background-position:left top;background-repeat:no-repeat;-webkit-background-size:cover;-moz-background-size:cover;-o-background-size:cover;background-size:cover;padding: 0px 0px 0px 0px;\"><style type=\"text\/css\">@media only screen and (max-width:1024px) {.fusion-title.fusion-title-1{margin-top:10px!important; margin-right:0px!important;margin-bottom:15px!important;margin-left:0px!important;}}@media only screen and (max-width:640px) {.fusion-title.fusion-title-1{margin-top:10px!important; margin-right:0px!important;margin-bottom:10px!important; margin-left:0px!important;}}<\/style><div class=\"fusion-title title fusion-title-1 fusion-sep-none fusion-title-text fusion-title-size-one\" style=\"margin-top:10px;margin-right:0px;margin-bottom:15px;margin-left:0px;\"><h1 class=\"title-heading-left\" style=\"margin:0;text-shadow:5px 5px 5px var(--awb-color8);\"><h1><span style=\"color: #ffffff;\">Perfil para Dieta Proteica<\/span><\/h1><\/h1><\/div><\/div><style type=\"text\/css\">.fusion-body .fusion-builder-column-0{width:100% !important;margin-top : 0px;margin-bottom : 20px;}.fusion-builder-column-0 > .fusion-column-wrapper {padding-top : 0px !important;padding-right : 0px !important;margin-right : 1.92%;padding-bottom : 0px !important;padding-left : 0px !important;margin-left : 1.92%;}@media only screen and (max-width:1024px) {.fusion-body .fusion-builder-column-0{width:100% !important;order : 0;}.fusion-builder-column-0 > .fusion-column-wrapper {margin-right : 1.92%;margin-left : 1.92%;}}@media only screen and (max-width:640px) {.fusion-body .fusion-builder-column-0{width:100% !important;order : 0;}.fusion-builder-column-0 > .fusion-column-wrapper {margin-right : 1.92%;margin-left : 1.92%;}}<\/style><\/div><\/div><style type=\"text\/css\">.fusion-body .fusion-flex-container.fusion-builder-row-1{ padding-top : 0px;margin-top : 0px;padding-right : 0px;padding-bottom : 0px;margin-bottom : 0px;padding-left : 0px;}<\/style><\/div><div class=\"fusion-fullwidth fullwidth-box fusion-builder-row-2 fusion-flex-container has-pattern-background has-mask-background nonhundred-percent-fullwidth non-hundred-percent-height-scrolling\" style=\"background-color: rgba(255,255,255,0);background-position: center center;background-repeat: no-repeat;border-width: 0px 0px 0px 0px;border-color:var(--awb-color3);border-style:solid;\" ><div class=\"fusion-builder-row fusion-row fusion-flex-align-items-flex-start\" style=\"max-width:1248px;margin-left: calc(-4% \/ 2 );margin-right: calc(-4% \/ 2 );\"><div class=\"fusion-layout-column fusion_builder_column fusion-builder-column-1 fusion_builder_column_1_2 1_2 fusion-flex-column\"><div class=\"fusion-column-wrapper fusion-flex-justify-content-flex-start fusion-content-layout-column\" style=\"background-position:left top;background-repeat:no-repeat;-webkit-background-size:cover;-moz-background-size:cover;-o-background-size:cover;background-size:cover;padding: 0px 0px 0px 0px;\"><div class=\"fusion-text fusion-text-1\"><p>Para la mayor\u00eda de las personas sanas, una dieta con alto contenido de prote\u00ednas por lo general no es da\u00f1ina, en especial cuando se sigue por un corto tiempo. Estas dietas pueden ayudar a la p\u00e9rdida de peso porque te hacen sentir m\u00e1s lleno.<\/p>\n<p>Sin embargo, todav\u00eda se estudian los riesgos de utilizar una dieta con alto contenido de prote\u00ednas durante un tiempo prolongado lo que\u00a0 pueden surgir en varios problemas de salud como: deficiencias nutricionales, insuficiencia de fibra,\u00a0 aumento del riesgo de enfermedades card\u00edacas, alteraci\u00f3n de la funci\u00f3n renal entre otras.<\/p>\n<p>Siempre es una buena hablar con su m\u00e9dico antes de empezar este tipo de dietas, y chequear cada 6 meses.<\/p>\n<\/div><div class=\"fusion-text fusion-text-2\"><h3><b><u>Ex\u00e1menes<\/u><\/b><u><b>\u00a0recomendados<\/b><\/u>:<\/h3>\n<ul>\n<li>PERFIL LIP\u00cdDICO<\/li>\n<li>BUN<\/li>\n<li>CREATININA<\/li>\n<li>PROTE\u00cdNAS<\/li>\n<li>ALBUMINAS<\/li>\n<li>\u00c1CIDO \u00daRICO<\/li>\n<li>HEMOGRAMA<\/li>\n<li>ZINC<\/li>\n<\/ul>\n<\/div><div ><style>.fusion-body .fusion-button.button-1.button-3d,.fusion-body .fusion-button.button-1.button-3d:hover{box-shadow:inset 0 1px 0 #fff, 0 0.15em 0 hsla(var(--awb-color5-h),calc(var(--awb-color5-s) - 5%),calc(var(--awb-color5-l) - 10%),var(--awb-color5-a)), 0.1em 0.2em 0.2em 0.15em rgba(0, 0, 0, 0.3);}.fusion-body .fusion-button.button-1.button-3d:active,.fusion-body .fusion-button.button-1.button-3d:hover:active{box-shadow:inset 0 1px 0 #fff, 0 1px 0 hsla(var(--awb-color5-h),calc(var(--awb-color5-s) - 5%),calc(var(--awb-color5-l) - 10%),var(--awb-color5-a)), 0.05em 0.1em 0.1em 0.07em rgba(0, 0, 0, 0.3);}.fusion-body .fusion-button.button-1{border-color:var(--awb-color1);border-radius:4px 4px 4px 4px;background:#8e44b3;}.fusion-body .fusion-button.button-1 .fusion-button-text,.fusion-body .fusion-button.button-1 i,.fusion-body .fusion-button.button-1:hover .fusion-button-text,.fusion-body .fusion-button.button-1:hover i,.fusion-body .fusion-button.button-1:focus .fusion-button-text,.fusion-body .fusion-button.button-1:focus i,.fusion-body .fusion-button.button-1:active .fusion-button-text,.fusion-body .fusion-button.button-1:active i{color:var(--awb-color1);}.fusion-body .fusion-button.button-1:hover,.fusion-body .fusion-button.button-1:active,.fusion-body .fusion-button.button-1:focus{border-color:var(--awb-color1);background:#ec008b;}<\/style><a class=\"fusion-button button-3d fusion-button-default-size button-custom button-1 fusion-button-default-span fusion-button-default-type\" target=\"_self\" href=\"https:\/\/www.aidalabips.com\/index.php\/perfil-nutricional\/\" style=\"margin-top:30px;\"><span class=\"fusion-button-text\">Volver<\/span><\/a><\/div><\/div><style type=\"text\/css\">.fusion-body .fusion-builder-column-1{width:50% !important;margin-top : 20px;margin-bottom : 20px;}.fusion-builder-column-1 > .fusion-column-wrapper {padding-top : 0px !important;padding-right : 0px !important;margin-right : 3.84%;padding-bottom : 0px !important;padding-left : 0px !important;margin-left : 3.84%;}@media only screen and (max-width:1024px) {.fusion-body .fusion-builder-column-1{width:50% !important;order : 0;}.fusion-builder-column-1 > .fusion-column-wrapper {margin-right : 3.84%;margin-left : 3.84%;}}@media only screen and (max-width:640px) {.fusion-body .fusion-builder-column-1{width:100% !important;order : 0;}.fusion-builder-column-1 > .fusion-column-wrapper {margin-right : 1.92%;margin-left : 1.92%;}}<\/style><\/div><div class=\"fusion-layout-column fusion_builder_column fusion-builder-column-2 fusion_builder_column_1_2 1_2 fusion-flex-column\"><div class=\"fusion-column-wrapper fusion-flex-justify-content-flex-start fusion-content-layout-column\" style=\"background-position:left top;background-repeat:no-repeat;-webkit-background-size:cover;-moz-background-size:cover;-o-background-size:cover;background-size:cover;padding: 0px 0px 0px 0px;\"><div ><span class=\" fusion-imageframe imageframe-none imageframe-1 hover-type-none\"><img decoding=\"async\" width=\"2560\" height=\"2560\" title=\"Dieta Proteica.\" src=\"https:\/\/www.aidalabips.com\/wp-content\/uploads\/2022\/10\/Dieta-Proteica.-scaled.jpg\" alt class=\"img-responsive wp-image-492\" srcset=\"https:\/\/www.aidalabips.com\/wp-content\/uploads\/2022\/10\/Dieta-Proteica.-200x200.jpg 200w, https:\/\/www.aidalabips.com\/wp-content\/uploads\/2022\/10\/Dieta-Proteica.-400x400.jpg 400w, https:\/\/www.aidalabips.com\/wp-content\/uploads\/2022\/10\/Dieta-Proteica.-600x600.jpg 600w, https:\/\/www.aidalabips.com\/wp-content\/uploads\/2022\/10\/Dieta-Proteica.-800x800.jpg 800w, https:\/\/www.aidalabips.com\/wp-content\/uploads\/2022\/10\/Dieta-Proteica.-1200x1200.jpg 1200w, https:\/\/www.aidalabips.com\/wp-content\/uploads\/2022\/10\/Dieta-Proteica.-scaled.jpg 2560w\" sizes=\"(max-width: 640px) 100vw, 600px\" \/><\/span><\/div><\/div><style type=\"text\/css\">.fusion-body .fusion-builder-column-2{width:50% !important;margin-top : 30px;margin-bottom : 20px;}.fusion-builder-column-2 > .fusion-column-wrapper {padding-top : 0px !important;padding-right : 0px !important;margin-right : 3.84%;padding-bottom : 0px !important;padding-left : 0px !important;margin-left : 3.84%;}@media only screen and (max-width:1024px) {.fusion-body .fusion-builder-column-2{width:50% !important;order : 0;}.fusion-builder-column-2 > .fusion-column-wrapper {margin-right : 3.84%;margin-left : 3.84%;}}@media only screen and (max-width:640px) {.fusion-body .fusion-builder-column-2{width:100% !important;order : 0;}.fusion-builder-column-2 > .fusion-column-wrapper {margin-right : 1.92%;margin-left : 1.92%;}}<\/style><\/div><\/div><style type=\"text\/css\">.fusion-body .fusion-flex-container.fusion-builder-row-2{ padding-top : 0px;margin-top : 0px;padding-right : 0px;padding-bottom : 0px;margin-bottom : 0px;padding-left : 0px;}<\/style><\/div><\/p>\n","protected":false},"excerpt":{"rendered":"","protected":false},"author":1,"featured_media":0,"parent":0,"menu_order":0,"comment_status":"closed","ping_status":"closed","template":"100-width.php","meta":{"footnotes":""},"class_list":["post-490","page","type-page","status-publish","hentry"],"_links":{"self":[{"href":"https:\/\/www.aidalabips.com\/index.php\/wp-json\/wp\/v2\/pages\/490","targetHints":{"allow":["GET"]}}],"collection":[{"href":"https:\/\/www.aidalabips.com\/index.php\/wp-json\/wp\/v2\/pages"}],"about":[{"href":"https:\/\/www.aidalabips.com\/index.php\/wp-json\/wp\/v2\/types\/page"}],"author":[{"embeddable":true,"href":"https:\/\/www.aidalabips.com\/index.php\/wp-json\/wp\/v2\/users\/1"}],"replies":[{"embeddable":true,"href":"https:\/\/www.aidalabips.com\/index.php\/wp-json\/wp\/v2\/comments?post=490"}],"version-history":[{"count":4,"href":"https:\/\/www.aidalabips.com\/index.php\/wp-json\/wp\/v2\/pages\/490\/revisions"}],"predecessor-version":[{"id":1003,"href":"https:\/\/www.aidalabips.com\/index.php\/wp-json\/wp\/v2\/pages\/490\/revisions\/1003"}],"wp:attachment":[{"href":"https:\/\/www.aidalabips.com\/index.php\/wp-json\/wp\/v2\/media?parent=490"}],"curies":[{"name":"wp","href":"https:\/\/api.w.org\/{rel}","templated":true}]}}