{"id":397,"date":"2022-10-18T01:17:57","date_gmt":"2022-10-18T01:17:57","guid":{"rendered":"https:\/\/www.aidalabips.com\/?page_id=397"},"modified":"2022-12-01T19:40:43","modified_gmt":"2022-12-01T19:40:43","slug":"perfil-para-marcadores-tumorales","status":"publish","type":"page","link":"https:\/\/www.aidalabips.com\/index.php\/perfil-para-marcadores-tumorales\/","title":{"rendered":"Perfil para Marcadores Tumorales"},"content":{"rendered":"<p><div class=\"fusion-fullwidth fullwidth-box fusion-builder-row-1 fusion-flex-container has-pattern-background has-mask-background fusion-parallax-none nonhundred-percent-fullwidth non-hundred-percent-height-scrolling\" style=\"background-color: rgba(255,255,255,0);background-image: url(&quot;https:\/\/www.aidalabips.com\/wp-content\/uploads\/2022\/12\/Banner-tumorales-scaled-e1669921676854.jpg&quot;);background-position: center center;background-repeat: no-repeat;border-width: 0px 0px 0px 0px;border-color:var(--awb-color3);border-style:solid;-webkit-background-size:cover;-moz-background-size:cover;-o-background-size:cover;background-size:cover;\" ><div class=\"fusion-builder-row fusion-row fusion-flex-align-items-flex-start\" style=\"max-width:1248px;margin-left: calc(-4% \/ 2 );margin-right: calc(-4% \/ 2 );\"><div class=\"fusion-layout-column fusion_builder_column fusion-builder-column-0 fusion_builder_column_1_1 1_1 fusion-flex-column\"><div class=\"fusion-column-wrapper fusion-flex-justify-content-flex-start fusion-content-layout-column\" style=\"background-position:left top;background-repeat:no-repeat;-webkit-background-size:cover;-moz-background-size:cover;-o-background-size:cover;background-size:cover;padding: 0px 0px 0px 0px;\"><style type=\"text\/css\">@media only screen and (max-width:1024px) {.fusion-title.fusion-title-1{margin-top:10px!important; margin-right:0px!important;margin-bottom:15px!important;margin-left:0px!important;}}@media only screen and (max-width:640px) {.fusion-title.fusion-title-1{margin-top:10px!important; margin-right:0px!important;margin-bottom:10px!important; margin-left:0px!important;}}<\/style><div class=\"fusion-title title fusion-title-1 fusion-sep-none fusion-title-text fusion-title-size-one\" style=\"margin-top:10px;margin-right:0px;margin-bottom:15px;margin-left:0px;\"><h1 class=\"title-heading-left\" style=\"margin:0;text-shadow:5px 5px 5px;\"><h1><strong><span style=\"color: #ffffff;\">Perfil para Marcadores Tumorales<\/span><\/strong><\/h1><\/h1><\/div><\/div><style type=\"text\/css\">.fusion-body .fusion-builder-column-0{width:100% !important;margin-top : 0px;margin-bottom : 20px;}.fusion-builder-column-0 > .fusion-column-wrapper {padding-top : 0px !important;padding-right : 0px !important;margin-right : 1.92%;padding-bottom : 0px !important;padding-left : 0px !important;margin-left : 1.92%;}@media only screen and (max-width:1024px) {.fusion-body .fusion-builder-column-0{width:100% !important;order : 0;}.fusion-builder-column-0 > .fusion-column-wrapper {margin-right : 1.92%;margin-left : 1.92%;}}@media only screen and (max-width:640px) {.fusion-body .fusion-builder-column-0{width:100% !important;order : 0;}.fusion-builder-column-0 > .fusion-column-wrapper {margin-right : 1.92%;margin-left : 1.92%;}}<\/style><\/div><\/div><style type=\"text\/css\">.fusion-body .fusion-flex-container.fusion-builder-row-1{ padding-top : 0px;margin-top : 0px;padding-right : 0px;padding-bottom : 0px;margin-bottom : 0px;padding-left : 0px;}<\/style><\/div><div class=\"fusion-fullwidth fullwidth-box fusion-builder-row-2 fusion-flex-container has-pattern-background has-mask-background nonhundred-percent-fullwidth non-hundred-percent-height-scrolling\" style=\"background-color: rgba(255,255,255,0);background-position: center center;background-repeat: no-repeat;border-width: 0px 0px 0px 0px;border-color:var(--awb-color3);border-style:solid;\" ><div class=\"fusion-builder-row fusion-row fusion-flex-align-items-flex-start\" style=\"max-width:1248px;margin-left: calc(-4% \/ 2 );margin-right: calc(-4% \/ 2 );\"><div class=\"fusion-layout-column fusion_builder_column fusion-builder-column-1 fusion_builder_column_1_1 1_1 fusion-flex-column\"><div class=\"fusion-column-wrapper fusion-flex-justify-content-flex-start fusion-content-layout-column\" style=\"background-position:left top;background-repeat:no-repeat;-webkit-background-size:cover;-moz-background-size:cover;-o-background-size:cover;background-size:cover;padding: 0px 0px 0px 0px;\"><div class=\"fusion-text fusion-text-1\"><p>El C\u00e1ncer es una enfermedad que se desarrolla al producirse cambios en un grupo de c\u00e9lulas normales del organismo que tienen un crecimiento \u201can\u00f3malo e incontrolado\u201d. Los marcadores tumorales son sustancias que las c\u00e9lulas cancerosas producen en respuesta al c\u00e1ncer. Debido a que los marcadores tumorales tambi\u00e9n pueden aparecer en afecciones que no son c\u00e1ncer, no se suelen usar para diagnostico definitivo.<\/p>\n<p><b>marcadores tumorales mas utilizados:<\/b><\/p>\n<\/div><div class=\"fusion-flip-boxes flip-boxes row fusion-columns-4 flip-effect-classic\"><div class=\"fusion-flip-box-wrapper fusion-column col-lg-3 col-md-3 col-sm-3\"><div class=\"fusion-flip-box flip-up\" tabindex=\"0\"><div class=\"flip-box-inner-wrapper\"><div class=\"flip-box-front\" style=\"background-color:#7296ee;border-color:#7296ee;border-radius:6px;border-style:solid;border-width:5px;color:var(--awb-color3);transition-duration:0.8s;\"><div class=\"flip-box-front-inner\"><h1 class=\"flip-box-heading without-text\" style=\"color:var(--awb-color2);\">CA 125<\/h1><\/div><\/div><div class=\"flip-box-back\" style=\"background-color:#7296ee;border-color:#7296ee;border-radius:6px;border-style:solid;border-width:5px;color:hsla(var(--awb-color1-h),var(--awb-color1-s),var(--awb-color1-l),calc(var(--awb-color1-a) - 20%));transition-duration:0.8s;\"><div class=\"flip-box-back-inner\">\n<h4><span style=\"color: #ffffff;\"><strong>Marcador tumoral para c\u00e1ncer de ovario<\/strong><\/span><\/h4>\n<\/div><\/div><\/div><\/div><\/div><div class=\"fusion-flip-box-wrapper fusion-column col-lg-3 col-md-3 col-sm-3\"><div class=\"fusion-flip-box flip-up\" tabindex=\"0\"><div class=\"flip-box-inner-wrapper\"><div class=\"flip-box-front\" style=\"background-color:#eca457;border-color:#eca457;border-radius:6px;border-style:solid;border-width:5px;color:var(--awb-color3);transition-duration:0.8s;\"><div class=\"flip-box-front-inner\"><h1 class=\"flip-box-heading without-text\" style=\"color:var(--awb-color2);\">CA 15-3<\/h1><\/div><\/div><div class=\"flip-box-back\" style=\"background-color:#eca457;border-color:#eca457;border-radius:6px;border-style:solid;border-width:5px;color:hsla(var(--awb-color1-h),var(--awb-color1-s),var(--awb-color1-l),calc(var(--awb-color1-a) - 20%));transition-duration:0.8s;\"><div class=\"flip-box-back-inner\">\n<h4><span style=\"color: #ffffff;\">Marcador tumoral para c\u00e1ncer de seno<\/span><\/h4>\n<\/div><\/div><\/div><\/div><\/div><div class=\"fusion-flip-box-wrapper fusion-column col-lg-3 col-md-3 col-sm-3\"><div class=\"fusion-flip-box flip-up\" tabindex=\"0\"><div class=\"flip-box-inner-wrapper\"><div class=\"flip-box-front\" style=\"background-color:#da3e92;border-color:#da3e92;border-radius:6px;border-style:solid;border-width:5px;color:var(--awb-color3);transition-duration:0.8s;\"><div class=\"flip-box-front-inner\"><h1 class=\"flip-box-heading without-text\" style=\"color:var(--awb-color2);\">CA 19-9<\/h1><\/div><\/div><div class=\"flip-box-back\" style=\"background-color:#da3e92;border-color:#da3e92;border-radius:6px;border-style:solid;border-width:5px;color:hsla(var(--awb-color1-h),var(--awb-color1-s),var(--awb-color1-l),calc(var(--awb-color1-a) - 20%));transition-duration:0.8s;\"><div class=\"flip-box-back-inner\">\n<h4><strong><span style=\"color: #ffffff;\">Marcador tumoral para c\u00e1ncer de p\u00e1ncreas<\/span><\/strong><\/h4>\n<\/div><\/div><\/div><\/div><\/div><div class=\"fusion-flip-box-wrapper fusion-column col-lg-3 col-md-3 col-sm-3\"><div class=\"fusion-flip-box flip-up\" tabindex=\"0\"><div class=\"flip-box-inner-wrapper\"><div class=\"flip-box-front\" style=\"background-color:#9fd7e6;border-color:#9fd7e6;border-radius:6px;border-style:solid;border-width:5px;color:var(--awb-color3);transition-duration:0.8s;\"><div class=\"flip-box-front-inner\"><h1 class=\"flip-box-heading without-text\" style=\"color:var(--awb-color2);\">PSA<\/h1><\/div><\/div><div class=\"flip-box-back\" style=\"background-color:#9fd7e6;border-color:#9fd7e6;border-radius:6px;border-style:solid;border-width:5px;color:hsla(var(--awb-color1-h),var(--awb-color1-s),var(--awb-color1-l),calc(var(--awb-color1-a) - 20%));transition-duration:0.8s;\"><div class=\"flip-box-back-inner\">\n<h4><span style=\"color: #ffffff;\"><strong>Marcador tumoral para c\u00e1ncer de pr\u00f3stata<\/strong><\/span><\/h4>\n<\/div><\/div><\/div><\/div><\/div><\/div><div class=\"fusion-flip-boxes flip-boxes row fusion-columns-2 flip-effect-classic\"><div class=\"fusion-flip-box-wrapper fusion-column col-lg-6 col-md-6 col-sm-6\"><div class=\"fusion-flip-box flip-up\" tabindex=\"0\"><div class=\"flip-box-inner-wrapper\"><div class=\"flip-box-front\" style=\"background-color:#5456a1;border-color:#5456a1;border-radius:6px;border-style:solid;border-width:5px;color:var(--awb-color3);transition-duration:0.8s;\"><div class=\"flip-box-front-inner\"><h3 class=\"flip-box-heading without-text\" style=\"color:var(--awb-color2);\">Alfafeto Prote\u00edna<\/h3><\/div><\/div><div class=\"flip-box-back\" style=\"background-color:#5456a1;border-color:#5456a1;border-radius:6px;border-style:solid;border-width:5px;color:hsla(var(--awb-color1-h),var(--awb-color1-s),var(--awb-color1-l),calc(var(--awb-color1-a) - 20%));transition-duration:0.8s;\"><div class=\"flip-box-back-inner\">\n<h4><span style=\"color: #ffffff;\"><strong>Marcador tumoral para c\u00e1ncer de h\u00edgado &#8211; test\u00edculos &#8211; ovarios<\/strong><\/span><\/h4>\n<\/div><\/div><\/div><\/div><\/div><div class=\"fusion-flip-box-wrapper fusion-column col-lg-6 col-md-6 col-sm-6\"><div class=\"fusion-flip-box flip-up\" tabindex=\"0\"><div class=\"flip-box-inner-wrapper\"><div class=\"flip-box-front\" style=\"background-color:#c12d91;border-color:#c12d91;border-radius:6px;border-style:solid;border-width:5px;color:var(--awb-color3);transition-duration:0.8s;\"><div class=\"flip-box-front-inner\"><h3 class=\"flip-box-heading without-text\" style=\"color:var(--awb-color2);\">CEA: Ant\u00edgeno Carcionoembrionario <\/h3><\/div><\/div><div class=\"flip-box-back\" style=\"background-color:#c12d91;border-color:#c12d91;border-radius:6px;border-style:solid;border-width:5px;color:hsla(var(--awb-color1-h),var(--awb-color1-s),var(--awb-color1-l),calc(var(--awb-color1-a) - 20%));transition-duration:0.8s;\"><div class=\"flip-box-back-inner\">\n<h4><span style=\"color: #ffffff;\"><strong>Marcador tumoral para c\u00e1ncer de\u00a0 colon rectal &#8211; pulm\u00f3n &#8211; estomago &#8211; p\u00e1ncreas<\/strong><\/span><\/h4>\n<\/div><\/div><\/div><\/div><\/div><\/div><div ><style>.fusion-body .fusion-button.button-1.button-3d,.fusion-body .fusion-button.button-1.button-3d:hover{box-shadow:inset 0 1px 0 #fff, 0 0.15em 0 hsla(var(--awb-color5-h),calc(var(--awb-color5-s) - 5%),calc(var(--awb-color5-l) - 10%),var(--awb-color5-a)), 0.1em 0.2em 0.2em 0.15em rgba(0, 0, 0, 0.3);}.fusion-body .fusion-button.button-1.button-3d:active,.fusion-body .fusion-button.button-1.button-3d:hover:active{box-shadow:inset 0 1px 0 #fff, 0 1px 0 hsla(var(--awb-color5-h),calc(var(--awb-color5-s) - 5%),calc(var(--awb-color5-l) - 10%),var(--awb-color5-a)), 0.05em 0.1em 0.1em 0.07em rgba(0, 0, 0, 0.3);}.fusion-body .fusion-button.button-1{border-color:var(--awb-color1);border-radius:4px 4px 4px 4px;background:#8e45b0;}.fusion-body .fusion-button.button-1 .fusion-button-text,.fusion-body .fusion-button.button-1 i,.fusion-body .fusion-button.button-1:hover .fusion-button-text,.fusion-body .fusion-button.button-1:hover i,.fusion-body .fusion-button.button-1:focus .fusion-button-text,.fusion-body .fusion-button.button-1:focus i,.fusion-body .fusion-button.button-1:active .fusion-button-text,.fusion-body .fusion-button.button-1:active i{color:var(--awb-color1);}.fusion-body .fusion-button.button-1:hover,.fusion-body .fusion-button.button-1:active,.fusion-body .fusion-button.button-1:focus{border-color:var(--awb-color1);background:#ee008a;}<\/style><a class=\"fusion-button button-3d fusion-button-default-size button-custom button-1 fusion-button-default-span fusion-button-default-type\" target=\"_self\" href=\"https:\/\/www.aidalabips.com\/index.php\/perfiles\/\"><span class=\"fusion-button-text\">Volver<\/span><\/a><\/div><\/div><style type=\"text\/css\">.fusion-body .fusion-builder-column-1{width:100% !important;margin-top : 20px;margin-bottom : 20px;}.fusion-builder-column-1 > .fusion-column-wrapper {padding-top : 0px !important;padding-right : 0px !important;margin-right : 1.92%;padding-bottom : 0px !important;padding-left : 0px !important;margin-left : 1.92%;}@media only screen and (max-width:1024px) {.fusion-body .fusion-builder-column-1{width:100% !important;order : 0;}.fusion-builder-column-1 > .fusion-column-wrapper {margin-right : 1.92%;margin-left : 1.92%;}}@media only screen and (max-width:640px) {.fusion-body .fusion-builder-column-1{width:100% !important;order : 0;}.fusion-builder-column-1 > .fusion-column-wrapper {margin-right : 1.92%;margin-left : 1.92%;}}<\/style><\/div><\/div><style type=\"text\/css\">.fusion-body .fusion-flex-container.fusion-builder-row-2{ padding-top : 0px;margin-top : 0px;padding-right : 0px;padding-bottom : 0px;margin-bottom : 0px;padding-left : 0px;}<\/style><\/div><\/p>\n","protected":false},"excerpt":{"rendered":"","protected":false},"author":1,"featured_media":0,"parent":0,"menu_order":0,"comment_status":"closed","ping_status":"closed","template":"100-width.php","meta":{"footnotes":""},"class_list":["post-397","page","type-page","status-publish","hentry"],"_links":{"self":[{"href":"https:\/\/www.aidalabips.com\/index.php\/wp-json\/wp\/v2\/pages\/397","targetHints":{"allow":["GET"]}}],"collection":[{"href":"https:\/\/www.aidalabips.com\/index.php\/wp-json\/wp\/v2\/pages"}],"about":[{"href":"https:\/\/www.aidalabips.com\/index.php\/wp-json\/wp\/v2\/types\/page"}],"author":[{"embeddable":true,"href":"https:\/\/www.aidalabips.com\/index.php\/wp-json\/wp\/v2\/users\/1"}],"replies":[{"embeddable":true,"href":"https:\/\/www.aidalabips.com\/index.php\/wp-json\/wp\/v2\/comments?post=397"}],"version-history":[{"count":16,"href":"https:\/\/www.aidalabips.com\/index.php\/wp-json\/wp\/v2\/pages\/397\/revisions"}],"predecessor-version":[{"id":1166,"href":"https:\/\/www.aidalabips.com\/index.php\/wp-json\/wp\/v2\/pages\/397\/revisions\/1166"}],"wp:attachment":[{"href":"https:\/\/www.aidalabips.com\/index.php\/wp-json\/wp\/v2\/media?parent=397"}],"curies":[{"name":"wp","href":"https:\/\/api.w.org\/{rel}","templated":true}]}}