{"id":16,"date":"2022-10-13T14:08:07","date_gmt":"2022-10-13T14:08:07","guid":{"rendered":"https:\/\/www.aidalabips.com\/?page_id=16"},"modified":"2024-11-20T08:03:34","modified_gmt":"2024-11-20T13:03:34","slug":"certificaciones-icontec","status":"publish","type":"page","link":"https:\/\/www.aidalabips.com\/index.php\/certificaciones-icontec\/","title":{"rendered":"Certificaciones Icontec"},"content":{"rendered":"<p><div class=\"fusion-fullwidth fullwidth-box fusion-builder-row-1 fusion-flex-container has-pattern-background has-mask-background fusion-parallax-none nonhundred-percent-fullwidth non-hundred-percent-height-scrolling\" style=\"background-color: rgba(255,255,255,0);background-image: url(&quot;https:\/\/www.aidalabips.com\/wp-content\/uploads\/2022\/12\/banner-certificacionesx-scaled-e1671218884451.jpg&quot;);background-position: center center;background-repeat: no-repeat;border-width: 0px 0px 0px 0px;border-color:var(--awb-color3);border-style:solid;-webkit-background-size:cover;-moz-background-size:cover;-o-background-size:cover;background-size:cover;\" ><div class=\"fusion-builder-row fusion-row fusion-flex-align-items-flex-start\" style=\"max-width:1248px;margin-left: calc(-4% \/ 2 );margin-right: calc(-4% \/ 2 );\"><div class=\"fusion-layout-column fusion_builder_column fusion-builder-column-0 fusion_builder_column_1_1 1_1 fusion-flex-column\"><div class=\"fusion-column-wrapper fusion-flex-justify-content-flex-start fusion-content-layout-column\" style=\"background-position:left top;background-repeat:no-repeat;-webkit-background-size:cover;-moz-background-size:cover;-o-background-size:cover;background-size:cover;padding: 0px 0px 0px 0px;\"><style type=\"text\/css\">@media only screen and (max-width:1024px) {.fusion-title.fusion-title-1{margin-top:10px!important; margin-right:0px!important;margin-bottom:15px!important;margin-left:0px!important;}}@media only screen and (max-width:640px) {.fusion-title.fusion-title-1{margin-top:10px!important; margin-right:0px!important;margin-bottom:10px!important; margin-left:0px!important;}}<\/style><div class=\"fusion-title title fusion-title-1 fusion-sep-none fusion-title-text fusion-title-size-one\" style=\"margin-top:10px;margin-right:0px;margin-bottom:15px;margin-left:0px;\"><h1 class=\"title-heading-left\" style=\"margin:0;\"><h1><span style=\"color: #ffffff;\"><b>Certificaci\u00f3n<br \/>\nICONTEC-ISO 9001 &#8211; 2015<\/b><\/span><\/h1><\/h1><\/div><\/div><style type=\"text\/css\">.fusion-body .fusion-builder-column-0{width:100% !important;margin-top : 0px;margin-bottom : 20px;}.fusion-builder-column-0 > .fusion-column-wrapper {padding-top : 0px !important;padding-right : 0px !important;margin-right : 1.92%;padding-bottom : 0px !important;padding-left : 0px !important;margin-left : 1.92%;}@media only screen and (max-width:1024px) {.fusion-body .fusion-builder-column-0{width:100% !important;order : 0;}.fusion-builder-column-0 > .fusion-column-wrapper {margin-right : 1.92%;margin-left : 1.92%;}}@media only screen and (max-width:640px) {.fusion-body .fusion-builder-column-0{width:100% !important;order : 0;}.fusion-builder-column-0 > .fusion-column-wrapper {margin-right : 1.92%;margin-left : 1.92%;}}<\/style><\/div><\/div><style type=\"text\/css\">.fusion-body .fusion-flex-container.fusion-builder-row-1{ padding-top : 0px;margin-top : 0px;padding-right : 0px;padding-bottom : 0px;margin-bottom : 0px;padding-left : 0px;}<\/style><\/div><div class=\"fusion-fullwidth fullwidth-box fusion-builder-row-2 fusion-flex-container has-pattern-background has-mask-background fusion-parallax-none nonhundred-percent-fullwidth non-hundred-percent-height-scrolling\" style=\"background-color: rgba(255,255,255,0);background-image: url(&quot;https:\/\/www.aidalabips.com\/wp-content\/uploads\/2022\/12\/fondo-certificaciones-scaled-e1671723498818.jpg&quot;);background-position: center bottom;background-repeat: no-repeat;border-width: 0px 0px 0px 0px;border-color:var(--awb-color3);border-style:solid;-webkit-background-size:cover;-moz-background-size:cover;-o-background-size:cover;background-size:cover;\" ><div class=\"fusion-builder-row fusion-row fusion-flex-align-items-flex-start\" style=\"max-width:1248px;margin-left: calc(-4% \/ 2 );margin-right: calc(-4% \/ 2 );\"><div class=\"fusion-layout-column fusion_builder_column fusion-builder-column-1 fusion_builder_column_2_5 2_5 fusion-flex-column\"><div class=\"fusion-column-wrapper fusion-flex-justify-content-flex-start fusion-content-layout-column\" style=\"background-position:left top;background-repeat:no-repeat;-webkit-background-size:cover;-moz-background-size:cover;-o-background-size:cover;background-size:cover;padding: 0px 0px 0px 0px;\"><div class=\"fusion-text fusion-text-1\" style=\"font-size:20px;color:var(--awb-color8);margin-top:30px;\"><p><span style=\"color: #000000;\">Nuestras sedes de Neiva y Pitalito cuentan con la certificaci\u00f3n Icontec e IQNET, que evidencian el cumplimiento de altos est\u00e1ndares de calidad en los servicios de tomas de muestras de laboratorio cl\u00ednico y sus respectivos procesamientos de pruebas.<\/span><\/p>\n<\/div><div ><span class=\" fusion-imageframe imageframe-none imageframe-1 hover-type-none\"><img decoding=\"async\" width=\"1300\" height=\"1000\" title=\"Foto para usar en certificaciones\" src=\"https:\/\/www.aidalabips.com\/wp-content\/uploads\/2022\/12\/Foto-para-usar-en-certificaciones.jpg\" alt class=\"img-responsive wp-image-1443\" srcset=\"https:\/\/www.aidalabips.com\/wp-content\/uploads\/2022\/12\/Foto-para-usar-en-certificaciones-200x154.jpg 200w, https:\/\/www.aidalabips.com\/wp-content\/uploads\/2022\/12\/Foto-para-usar-en-certificaciones-400x308.jpg 400w, https:\/\/www.aidalabips.com\/wp-content\/uploads\/2022\/12\/Foto-para-usar-en-certificaciones-600x462.jpg 600w, https:\/\/www.aidalabips.com\/wp-content\/uploads\/2022\/12\/Foto-para-usar-en-certificaciones-800x615.jpg 800w, https:\/\/www.aidalabips.com\/wp-content\/uploads\/2022\/12\/Foto-para-usar-en-certificaciones-1200x923.jpg 1200w, https:\/\/www.aidalabips.com\/wp-content\/uploads\/2022\/12\/Foto-para-usar-en-certificaciones.jpg 1300w\" sizes=\"(max-width: 640px) 100vw, 600px\" \/><\/span><\/div><\/div><style type=\"text\/css\">.fusion-body .fusion-builder-column-1{width:40% !important;margin-top : 0px;margin-bottom : 20px;}.fusion-builder-column-1 > .fusion-column-wrapper {padding-top : 0px !important;padding-right : 0px !important;margin-right : 4.8%;padding-bottom : 0px !important;padding-left : 0px !important;margin-left : 4.8%;}@media only screen and (max-width:1024px) {.fusion-body .fusion-builder-column-1{width:40% !important;order : 0;}.fusion-builder-column-1 > .fusion-column-wrapper {margin-right : 4.8%;margin-left : 4.8%;}}@media only screen and (max-width:640px) {.fusion-body .fusion-builder-column-1{width:100% !important;order : 0;}.fusion-builder-column-1 > .fusion-column-wrapper {margin-right : 1.92%;margin-left : 1.92%;}}<\/style><\/div><div class=\"fusion-layout-column fusion_builder_column fusion-builder-column-2 fusion_builder_column_3_5 3_5 fusion-flex-column\"><div class=\"fusion-column-wrapper fusion-column-has-shadow fusion-flex-justify-content-flex-start fusion-content-layout-column\" style=\"background-position:left top;background-repeat:no-repeat;-webkit-background-size:cover;-moz-background-size:cover;-o-background-size:cover;background-size:cover;background-color:rgba(178,178,178,0);box-shadow:0px 0px ;;padding: 0px 0px 0px 0px;\"><div class=\"fusion-image-carousel fusion-image-carousel-auto fusion-image-carousel-1 fusion-carousel-border\"><div class=\"fusion-carousel\" data-autoplay=\"yes\" data-columns=\"1\" data-itemmargin=\"13\" data-itemwidth=\"180\" data-touchscroll=\"no\" data-imagesize=\"auto\"><div class=\"fusion-carousel-positioner\"><ul class=\"fusion-carousel-holder\"><li class=\"fusion-carousel-item\"><div class=\"fusion-carousel-item-wrapper\"><div class=\"fusion-image-wrapper hover-type-none\"><img decoding=\"async\" width=\"1700\" height=\"2200\" src=\"https:\/\/www.aidalabips.com\/wp-content\/uploads\/2024\/11\/CERTIFICADO-IQNET-2024-1.png\" class=\"attachment-full size-full\" alt=\"\" srcset=\"https:\/\/www.aidalabips.com\/wp-content\/uploads\/2024\/11\/CERTIFICADO-IQNET-2024-1-200x259.png 200w, https:\/\/www.aidalabips.com\/wp-content\/uploads\/2024\/11\/CERTIFICADO-IQNET-2024-1-232x300.png 232w, https:\/\/www.aidalabips.com\/wp-content\/uploads\/2024\/11\/CERTIFICADO-IQNET-2024-1-400x518.png 400w, https:\/\/www.aidalabips.com\/wp-content\/uploads\/2024\/11\/CERTIFICADO-IQNET-2024-1-600x776.png 600w, https:\/\/www.aidalabips.com\/wp-content\/uploads\/2024\/11\/CERTIFICADO-IQNET-2024-1-768x994.png 768w, https:\/\/www.aidalabips.com\/wp-content\/uploads\/2024\/11\/CERTIFICADO-IQNET-2024-1-791x1024.png 791w, https:\/\/www.aidalabips.com\/wp-content\/uploads\/2024\/11\/CERTIFICADO-IQNET-2024-1-800x1035.png 800w, https:\/\/www.aidalabips.com\/wp-content\/uploads\/2024\/11\/CERTIFICADO-IQNET-2024-1-1187x1536.png 1187w, https:\/\/www.aidalabips.com\/wp-content\/uploads\/2024\/11\/CERTIFICADO-IQNET-2024-1-1200x1553.png 1200w, https:\/\/www.aidalabips.com\/wp-content\/uploads\/2024\/11\/CERTIFICADO-IQNET-2024-1-1583x2048.png 1583w, https:\/\/www.aidalabips.com\/wp-content\/uploads\/2024\/11\/CERTIFICADO-IQNET-2024-1.png 1700w\" sizes=\"(max-width: 1700px) 100vw, 1700px\" \/><\/div><\/div><\/li><li class=\"fusion-carousel-item\"><div class=\"fusion-carousel-item-wrapper\"><div class=\"fusion-image-wrapper hover-type-none\"><img decoding=\"async\" width=\"1700\" height=\"2200\" src=\"https:\/\/www.aidalabips.com\/wp-content\/uploads\/2024\/11\/CERTIFICADO-ICONTEC-2024-1.png\" class=\"attachment-full size-full\" alt=\"Icontec2024\" srcset=\"https:\/\/www.aidalabips.com\/wp-content\/uploads\/2024\/11\/CERTIFICADO-ICONTEC-2024-1-200x259.png 200w, https:\/\/www.aidalabips.com\/wp-content\/uploads\/2024\/11\/CERTIFICADO-ICONTEC-2024-1-232x300.png 232w, https:\/\/www.aidalabips.com\/wp-content\/uploads\/2024\/11\/CERTIFICADO-ICONTEC-2024-1-400x518.png 400w, https:\/\/www.aidalabips.com\/wp-content\/uploads\/2024\/11\/CERTIFICADO-ICONTEC-2024-1-600x776.png 600w, https:\/\/www.aidalabips.com\/wp-content\/uploads\/2024\/11\/CERTIFICADO-ICONTEC-2024-1-768x994.png 768w, https:\/\/www.aidalabips.com\/wp-content\/uploads\/2024\/11\/CERTIFICADO-ICONTEC-2024-1-791x1024.png 791w, https:\/\/www.aidalabips.com\/wp-content\/uploads\/2024\/11\/CERTIFICADO-ICONTEC-2024-1-800x1035.png 800w, https:\/\/www.aidalabips.com\/wp-content\/uploads\/2024\/11\/CERTIFICADO-ICONTEC-2024-1-1187x1536.png 1187w, https:\/\/www.aidalabips.com\/wp-content\/uploads\/2024\/11\/CERTIFICADO-ICONTEC-2024-1-1200x1553.png 1200w, https:\/\/www.aidalabips.com\/wp-content\/uploads\/2024\/11\/CERTIFICADO-ICONTEC-2024-1-1583x2048.png 1583w, https:\/\/www.aidalabips.com\/wp-content\/uploads\/2024\/11\/CERTIFICADO-ICONTEC-2024-1.png 1700w\" sizes=\"(max-width: 1700px) 100vw, 1700px\" \/><\/div><\/div><\/li><\/ul><div class=\"fusion-carousel-nav\"><button class=\"fusion-nav-prev awb-icon-left\" aria-label=\"Anterior\"><\/button><button class=\"fusion-nav-next awb-icon-right\" aria-label=\"Siguiente\"><\/button><\/div><\/div><\/div><\/div><\/div><style type=\"text\/css\">.fusion-body .fusion-builder-column-2{width:60% !important;margin-top : 30px;margin-bottom : 20px;}.fusion-builder-column-2 > .fusion-column-wrapper {padding-top : 0px !important;padding-right : 0 !important;margin-right : 3.2%;padding-bottom : 0px !important;padding-left : 0 !important;margin-left : 3.2%;}@media only screen and (max-width:1024px) {.fusion-body .fusion-builder-column-2{width:60% !important;order : 0;}.fusion-builder-column-2 > .fusion-column-wrapper {margin-right : 3.2%;margin-left : 3.2%;}}@media only screen and (max-width:640px) {.fusion-body .fusion-builder-column-2{width:100% !important;order : 0;}.fusion-builder-column-2 > .fusion-column-wrapper {margin-right : 1.92%;margin-left : 1.92%;}}<\/style><\/div><\/div><style type=\"text\/css\">.fusion-body .fusion-flex-container.fusion-builder-row-2{ padding-top : 0px;margin-top : 0px;padding-right : 0px;padding-bottom : 0px;margin-bottom : 0px;padding-left : 0px;}<\/style><\/div><\/p>\n","protected":false},"excerpt":{"rendered":"","protected":false},"author":1,"featured_media":0,"parent":0,"menu_order":0,"comment_status":"closed","ping_status":"closed","template":"100-width.php","meta":{"footnotes":""},"class_list":["post-16","page","type-page","status-publish","hentry"],"_links":{"self":[{"href":"https:\/\/www.aidalabips.com\/index.php\/wp-json\/wp\/v2\/pages\/16","targetHints":{"allow":["GET"]}}],"collection":[{"href":"https:\/\/www.aidalabips.com\/index.php\/wp-json\/wp\/v2\/pages"}],"about":[{"href":"https:\/\/www.aidalabips.com\/index.php\/wp-json\/wp\/v2\/types\/page"}],"author":[{"embeddable":true,"href":"https:\/\/www.aidalabips.com\/index.php\/wp-json\/wp\/v2\/users\/1"}],"replies":[{"embeddable":true,"href":"https:\/\/www.aidalabips.com\/index.php\/wp-json\/wp\/v2\/comments?post=16"}],"version-history":[{"count":55,"href":"https:\/\/www.aidalabips.com\/index.php\/wp-json\/wp\/v2\/pages\/16\/revisions"}],"predecessor-version":[{"id":1631,"href":"https:\/\/www.aidalabips.com\/index.php\/wp-json\/wp\/v2\/pages\/16\/revisions\/1631"}],"wp:attachment":[{"href":"https:\/\/www.aidalabips.com\/index.php\/wp-json\/wp\/v2\/media?parent=16"}],"curies":[{"name":"wp","href":"https:\/\/api.w.org\/{rel}","templated":true}]}}